{"id":90703,"date":"2024-02-23T06:14:31","date_gmt":"2024-02-23T06:14:31","guid":{"rendered":"https:\/\/www.lianmeigroup.com\/?post_type=product&#038;p=90703"},"modified":"2025-09-01T07:27:27","modified_gmt":"2025-09-01T07:27:27","slug":"lmatv-200hm","status":"publish","type":"product","link":"https:\/\/www.lianmeigroup.com\/it\/product\/lmatv-200hm","title":{"rendered":"LMATV-200HM Quattro tempi 180cc ATV Quad"},"content":{"rendered":"","protected":false},"excerpt":{"rendered":"<p>Il 180cc quattro tempi ATV, monocilindrico, motore a benzina raffreddato ad aria con una parte anteriore e un rack posteriore in acciaio, la ruota di dimensioni normali \u00e8 10 pollici, il suo adatto per le spiagge, erba, strade di montagna, siti turistici e altre strade complesse. 183*110*110cm \u00e8 questo 180cc ATV lunghezza, larghezza e altezza, questo grande modello ATV \u00e8 vestito per pi\u00f9 di 18 anni.<br \/>\nLa trasmissione dell'ATV da 180cc \u00e8 automatica, a singola marcia avanti. Poich\u00e9 si tratta di un grande modello di ATV, il carico massimo pu\u00f2 essere di 120 kg e la velocit\u00e0 massima pu\u00f2 essere di 70 km \/ h. L'ATV a quattro tempi da 180cc pu\u00f2 attirare molta attenzione e rendervi una persona cool.<\/p>","protected":false},"featured_media":96278,"template":"","meta":{"_sitemap_exclude":false,"_sitemap_priority":"","_sitemap_frequency":""},"product_brand":[],"product_cat":[23],"product_tag":[],"class_list":{"0":"post-90703","1":"product","2":"type-product","3":"status-publish","4":"has-post-thumbnail","6":"product_cat-gasoline-atv","8":"first","9":"instock","10":"shipping-taxable","11":"product-type-simple"},"_links":{"self":[{"href":"https:\/\/www.lianmeigroup.com\/it\/wp-json\/wp\/v2\/product\/90703","targetHints":{"allow":["GET"]}}],"collection":[{"href":"https:\/\/www.lianmeigroup.com\/it\/wp-json\/wp\/v2\/product"}],"about":[{"href":"https:\/\/www.lianmeigroup.com\/it\/wp-json\/wp\/v2\/types\/product"}],"wp:featuredmedia":[{"embeddable":true,"href":"https:\/\/www.lianmeigroup.com\/it\/wp-json\/wp\/v2\/media\/96278"}],"wp:attachment":[{"href":"https:\/\/www.lianmeigroup.com\/it\/wp-json\/wp\/v2\/media?parent=90703"}],"wp:term":[{"taxonomy":"product_brand","embeddable":true,"href":"https:\/\/www.lianmeigroup.com\/it\/wp-json\/wp\/v2\/product_brand?post=90703"},{"taxonomy":"product_cat","embeddable":true,"href":"https:\/\/www.lianmeigroup.com\/it\/wp-json\/wp\/v2\/product_cat?post=90703"},{"taxonomy":"product_tag","embeddable":true,"href":"https:\/\/www.lianmeigroup.com\/it\/wp-json\/wp\/v2\/product_tag?post=90703"}],"curies":[{"name":"wp","href":"https:\/\/api.w.org\/{rel}","templated":true}]}}