{"id":89478,"date":"2023-12-06T02:01:24","date_gmt":"2023-12-06T02:01:24","guid":{"rendered":"https:\/\/www.lianmeigroup.com\/?post_type=product&#038;p=89478"},"modified":"2025-09-01T07:30:16","modified_gmt":"2025-09-01T07:30:16","slug":"lme-500h","status":"publish","type":"product","link":"https:\/\/www.lianmeigroup.com\/it\/product\/lme-500h","title":{"rendered":"Moto fuoristrada elettrica LME-500H"},"content":{"rendered":"","protected":false},"excerpt":{"rendered":"<p>Le mini cross bike elettriche a due ruote di LIANMEI sono un ottimo modo per i bambini di divertirsi e sviluppare le loro capacit\u00e0 motorie e la loro sicurezza. Questa bici da cross da 36V 12Ah \u00e8 dotata di trazione posteriore, motore brushless da 500W ad alta coppia, per bambini dai 13 anni in su. La sua velocit\u00e0 massima pu\u00f2 raggiungere i 28 km\/h. Offrono un'esperienza emozionante e coinvolgente che i bambini ameranno, pur essendo sicuri ed ecologici.<\/p>","protected":false},"featured_media":89140,"template":"","meta":{"_sitemap_exclude":false,"_sitemap_priority":"","_sitemap_frequency":""},"product_brand":[],"product_cat":[33],"product_tag":[],"class_list":{"0":"post-89478","1":"product","2":"type-product","3":"status-publish","4":"has-post-thumbnail","6":"product_cat-electric-dirt-bike","8":"first","9":"instock","10":"shipping-taxable","11":"product-type-simple"},"_links":{"self":[{"href":"https:\/\/www.lianmeigroup.com\/it\/wp-json\/wp\/v2\/product\/89478","targetHints":{"allow":["GET"]}}],"collection":[{"href":"https:\/\/www.lianmeigroup.com\/it\/wp-json\/wp\/v2\/product"}],"about":[{"href":"https:\/\/www.lianmeigroup.com\/it\/wp-json\/wp\/v2\/types\/product"}],"wp:featuredmedia":[{"embeddable":true,"href":"https:\/\/www.lianmeigroup.com\/it\/wp-json\/wp\/v2\/media\/89140"}],"wp:attachment":[{"href":"https:\/\/www.lianmeigroup.com\/it\/wp-json\/wp\/v2\/media?parent=89478"}],"wp:term":[{"taxonomy":"product_brand","embeddable":true,"href":"https:\/\/www.lianmeigroup.com\/it\/wp-json\/wp\/v2\/product_brand?post=89478"},{"taxonomy":"product_cat","embeddable":true,"href":"https:\/\/www.lianmeigroup.com\/it\/wp-json\/wp\/v2\/product_cat?post=89478"},{"taxonomy":"product_tag","embeddable":true,"href":"https:\/\/www.lianmeigroup.com\/it\/wp-json\/wp\/v2\/product_tag?post=89478"}],"curies":[{"name":"wp","href":"https:\/\/api.w.org\/{rel}","templated":true}]}}