{"id":679,"date":"2023-05-30T06:53:38","date_gmt":"2023-05-30T06:53:38","guid":{"rendered":"http:\/\/lianmeigroup.com\/product\/import-placeholder-for-84556.html"},"modified":"2025-09-01T07:31:26","modified_gmt":"2025-09-01T07:31:26","slug":"lmtdf-60l","status":"publish","type":"product","link":"https:\/\/www.lianmeigroup.com\/it\/product\/lmtdf-60l","title":{"rendered":"LMTDF-60L 48V 500W E-Bike"},"content":{"rendered":"","protected":false},"excerpt":{"rendered":"<p>Rispetto alle biciclette elettriche pieghevoli, il telaio della nostra ebike \u00e8 pi\u00f9 robusto, pi\u00f9 stabile, con una migliore capacit\u00e0 di carico, una maggiore durata, un minor numero di problemi del prodotto e un maggiore comfort di guida.<br \/>\nTre modalit\u00e0 di guida: pedalata normale, pedalata elettrica assistita a piena potenza, pedalata ibrida assistita.<br \/>\nMotore potente da 350W: fornisce un'accelerazione pi\u00f9 rapida e una potenza maggiore quando si sale.Nessuna preoccupazione per i terreni o gli spostamenti in citt\u00e0 collinari.<br \/>\nBatteria LG a grande capacit\u00e0 da 36V 10Ah: Offre un'ampia autonomia di viaggio, coprendo un raggio di oltre 35 chilometri per carica completa, sicura e comoda da portare a casa o in ufficio per ricaricarla.<\/p>","protected":false},"featured_media":90577,"template":"","meta":{"_sitemap_exclude":false,"_sitemap_priority":"","_sitemap_frequency":""},"product_brand":[],"product_cat":[36],"product_tag":[],"class_list":{"0":"post-679","1":"product","2":"type-product","3":"status-publish","4":"has-post-thumbnail","6":"product_cat-mid-drive-e-bike","8":"first","9":"instock","10":"shipping-taxable","11":"product-type-simple"},"_links":{"self":[{"href":"https:\/\/www.lianmeigroup.com\/it\/wp-json\/wp\/v2\/product\/679","targetHints":{"allow":["GET"]}}],"collection":[{"href":"https:\/\/www.lianmeigroup.com\/it\/wp-json\/wp\/v2\/product"}],"about":[{"href":"https:\/\/www.lianmeigroup.com\/it\/wp-json\/wp\/v2\/types\/product"}],"wp:featuredmedia":[{"embeddable":true,"href":"https:\/\/www.lianmeigroup.com\/it\/wp-json\/wp\/v2\/media\/90577"}],"wp:attachment":[{"href":"https:\/\/www.lianmeigroup.com\/it\/wp-json\/wp\/v2\/media?parent=679"}],"wp:term":[{"taxonomy":"product_brand","embeddable":true,"href":"https:\/\/www.lianmeigroup.com\/it\/wp-json\/wp\/v2\/product_brand?post=679"},{"taxonomy":"product_cat","embeddable":true,"href":"https:\/\/www.lianmeigroup.com\/it\/wp-json\/wp\/v2\/product_cat?post=679"},{"taxonomy":"product_tag","embeddable":true,"href":"https:\/\/www.lianmeigroup.com\/it\/wp-json\/wp\/v2\/product_tag?post=679"}],"curies":[{"name":"wp","href":"https:\/\/api.w.org\/{rel}","templated":true}]}}