{"id":95171,"date":"2025-02-26T02:57:25","date_gmt":"2025-02-26T02:57:25","guid":{"rendered":"https:\/\/www.lianmeigroup.com\/?post_type=product&#038;p=95171"},"modified":"2025-09-01T07:35:18","modified_gmt":"2025-09-01T07:35:18","slug":"lmdb-125f","status":"publish","type":"product","link":"https:\/\/www.lianmeigroup.com\/fr\/product\/lmdb-125f","title":{"rendered":"LMDB-125F Dirt Bike 125cc \u00e0 quatre temps"},"content":{"rendered":"","protected":false},"excerpt":{"rendered":"<p>1. Al\u00e9sage et course : 52,4\u00d755,5 mm<\/p>\n<p>2. Moteur : moteur \u00e0 essence de 125 cm3 \u00e0 quatre temps, monocylindre, refroidi par air.<\/p>\n<p>3. Transmission : 1+N+2+3+4<\/p>\n<p>4. D\u00e9marrage : Coup d'envoi<\/p>","protected":false},"featured_media":95177,"template":"","meta":{"_sitemap_exclude":false,"_sitemap_priority":"","_sitemap_frequency":""},"product_brand":[],"product_cat":[32],"product_tag":[],"class_list":{"0":"post-95171","1":"product","2":"type-product","3":"status-publish","4":"has-post-thumbnail","6":"product_cat-gasoline-dirt-bike","8":"first","9":"instock","10":"shipping-taxable","11":"product-type-simple"},"_links":{"self":[{"href":"https:\/\/www.lianmeigroup.com\/fr\/wp-json\/wp\/v2\/product\/95171","targetHints":{"allow":["GET"]}}],"collection":[{"href":"https:\/\/www.lianmeigroup.com\/fr\/wp-json\/wp\/v2\/product"}],"about":[{"href":"https:\/\/www.lianmeigroup.com\/fr\/wp-json\/wp\/v2\/types\/product"}],"wp:featuredmedia":[{"embeddable":true,"href":"https:\/\/www.lianmeigroup.com\/fr\/wp-json\/wp\/v2\/media\/95177"}],"wp:attachment":[{"href":"https:\/\/www.lianmeigroup.com\/fr\/wp-json\/wp\/v2\/media?parent=95171"}],"wp:term":[{"taxonomy":"product_brand","embeddable":true,"href":"https:\/\/www.lianmeigroup.com\/fr\/wp-json\/wp\/v2\/product_brand?post=95171"},{"taxonomy":"product_cat","embeddable":true,"href":"https:\/\/www.lianmeigroup.com\/fr\/wp-json\/wp\/v2\/product_cat?post=95171"},{"taxonomy":"product_tag","embeddable":true,"href":"https:\/\/www.lianmeigroup.com\/fr\/wp-json\/wp\/v2\/product_tag?post=95171"}],"curies":[{"name":"wp","href":"https:\/\/api.w.org\/{rel}","templated":true}]}}