{"id":93988,"date":"2024-10-24T07:41:37","date_gmt":"2024-10-24T07:41:37","guid":{"rendered":"https:\/\/www.lianmeigroup.com\/?post_type=product&#038;p=93988"},"modified":"2025-09-01T06:51:29","modified_gmt":"2025-09-01T06:51:29","slug":"lme-bb1-c","status":"publish","type":"product","link":"https:\/\/www.lianmeigroup.com\/fr\/product\/lme-bb1-c","title":{"rendered":"LME-BB1-C V\u00e9lo d'\u00e9quilibre 12 pouces pour enfants de 3 \u00e0 6 ans"},"content":{"rendered":"","protected":false},"excerpt":{"rendered":"<p>V\u00e9lo d'\u00e9quilibre \u00e9lectrique Happy Riding<br \/>\nL\u00e9ger et facile \u00e0 utiliser, con\u00e7u pour les enfants<\/p>","protected":false},"featured_media":94054,"template":"","meta":{"_sitemap_exclude":false,"_sitemap_priority":"","_sitemap_frequency":""},"product_brand":[],"product_cat":[26],"product_tag":[],"class_list":{"0":"post-93988","1":"product","2":"type-product","3":"status-publish","4":"has-post-thumbnail","6":"product_cat-electric-balance-bike","8":"first","9":"instock","10":"shipping-taxable","11":"product-type-simple"},"_links":{"self":[{"href":"https:\/\/www.lianmeigroup.com\/fr\/wp-json\/wp\/v2\/product\/93988","targetHints":{"allow":["GET"]}}],"collection":[{"href":"https:\/\/www.lianmeigroup.com\/fr\/wp-json\/wp\/v2\/product"}],"about":[{"href":"https:\/\/www.lianmeigroup.com\/fr\/wp-json\/wp\/v2\/types\/product"}],"wp:featuredmedia":[{"embeddable":true,"href":"https:\/\/www.lianmeigroup.com\/fr\/wp-json\/wp\/v2\/media\/94054"}],"wp:attachment":[{"href":"https:\/\/www.lianmeigroup.com\/fr\/wp-json\/wp\/v2\/media?parent=93988"}],"wp:term":[{"taxonomy":"product_brand","embeddable":true,"href":"https:\/\/www.lianmeigroup.com\/fr\/wp-json\/wp\/v2\/product_brand?post=93988"},{"taxonomy":"product_cat","embeddable":true,"href":"https:\/\/www.lianmeigroup.com\/fr\/wp-json\/wp\/v2\/product_cat?post=93988"},{"taxonomy":"product_tag","embeddable":true,"href":"https:\/\/www.lianmeigroup.com\/fr\/wp-json\/wp\/v2\/product_tag?post=93988"}],"curies":[{"name":"wp","href":"https:\/\/api.w.org\/{rel}","templated":true}]}}