{"id":93646,"date":"2024-10-24T01:05:27","date_gmt":"2024-10-24T01:05:27","guid":{"rendered":"https:\/\/www.lianmeigroup.com\/?post_type=product&#038;p=93646"},"modified":"2025-09-01T07:23:33","modified_gmt":"2025-09-01T07:23:33","slug":"lmatv-110a","status":"publish","type":"product","link":"https:\/\/www.lianmeigroup.com\/fr\/product\/lmatv-110a","title":{"rendered":"LMATV-110A 110cc Four Stroke ATV"},"content":{"rendered":"","protected":false},"excerpt":{"rendered":"<p>Le porte-bagages se trouve \u00e0 l'avant et \u00e0 l'arri\u00e8re du VTT. C'est une am\u00e9lioration fantastique pour transporter tout ce dont on a besoin.<br \/>\nGarniture d\u00e9corative en plastique, garniture s\u00e9par\u00e9e en plastique noir, prot\u00e8ge les plastiques et a un aspect impressionnant.<br \/>\nIl s'agit d'un moteur \u00e0 quatre temps de 110 cm3, \u00e0 simple marche avant, refroidi \u00e0 l'air. Le d\u00e9marrage est \u00e9lectrique, avec une batterie au plomb de 12V 4Ah.<br \/>\nL'entra\u00eenement du VTT 110cc se fait par cha\u00eene avec tension et protection de la cha\u00eene.<br \/>\nLa vitesse est automatique, marche avant simple.<\/p>","protected":false},"featured_media":93670,"template":"","meta":{"_sitemap_exclude":false,"_sitemap_priority":"","_sitemap_frequency":""},"product_brand":[],"product_cat":[23],"product_tag":[],"class_list":{"0":"post-93646","1":"product","2":"type-product","3":"status-publish","4":"has-post-thumbnail","6":"product_cat-gasoline-atv","8":"first","9":"instock","10":"shipping-taxable","11":"product-type-simple"},"_links":{"self":[{"href":"https:\/\/www.lianmeigroup.com\/fr\/wp-json\/wp\/v2\/product\/93646","targetHints":{"allow":["GET"]}}],"collection":[{"href":"https:\/\/www.lianmeigroup.com\/fr\/wp-json\/wp\/v2\/product"}],"about":[{"href":"https:\/\/www.lianmeigroup.com\/fr\/wp-json\/wp\/v2\/types\/product"}],"wp:featuredmedia":[{"embeddable":true,"href":"https:\/\/www.lianmeigroup.com\/fr\/wp-json\/wp\/v2\/media\/93670"}],"wp:attachment":[{"href":"https:\/\/www.lianmeigroup.com\/fr\/wp-json\/wp\/v2\/media?parent=93646"}],"wp:term":[{"taxonomy":"product_brand","embeddable":true,"href":"https:\/\/www.lianmeigroup.com\/fr\/wp-json\/wp\/v2\/product_brand?post=93646"},{"taxonomy":"product_cat","embeddable":true,"href":"https:\/\/www.lianmeigroup.com\/fr\/wp-json\/wp\/v2\/product_cat?post=93646"},{"taxonomy":"product_tag","embeddable":true,"href":"https:\/\/www.lianmeigroup.com\/fr\/wp-json\/wp\/v2\/product_tag?post=93646"}],"curies":[{"name":"wp","href":"https:\/\/api.w.org\/{rel}","templated":true}]}}