{"id":93616,"date":"2024-10-24T00:57:06","date_gmt":"2024-10-24T00:57:06","guid":{"rendered":"https:\/\/www.lianmeigroup.com\/?post_type=product&#038;p=93616"},"modified":"2025-09-01T07:23:37","modified_gmt":"2025-09-01T07:23:37","slug":"lmatv-049v","status":"publish","type":"product","link":"https:\/\/www.lianmeigroup.com\/fr\/product\/lmatv-049v","title":{"rendered":"LMATV-049V Mini Quad 49cc \u00e0 deux temps"},"content":{"rendered":"","protected":false},"excerpt":{"rendered":"<p class=\"pdshow-r-text\">Comme vous pouvez le voir sur la photo, ce mini quad ATV 49cc est recouvert de plastique noir avec des autocollants color\u00e9s, avec une tablette avant et une tablette arri\u00e8re, adapt\u00e9 aux plages, \u00e0 l'herbe, aux routes de montagne, aux sites touristiques et \u00e0 d'autres routes complexes.<\/p>","protected":false},"featured_media":93622,"template":"","meta":{"_sitemap_exclude":false,"_sitemap_priority":"","_sitemap_frequency":""},"product_brand":[],"product_cat":[23],"product_tag":[],"class_list":{"0":"post-93616","1":"product","2":"type-product","3":"status-publish","4":"has-post-thumbnail","6":"product_cat-gasoline-atv","8":"first","9":"instock","10":"shipping-taxable","11":"product-type-simple"},"_links":{"self":[{"href":"https:\/\/www.lianmeigroup.com\/fr\/wp-json\/wp\/v2\/product\/93616","targetHints":{"allow":["GET"]}}],"collection":[{"href":"https:\/\/www.lianmeigroup.com\/fr\/wp-json\/wp\/v2\/product"}],"about":[{"href":"https:\/\/www.lianmeigroup.com\/fr\/wp-json\/wp\/v2\/types\/product"}],"wp:featuredmedia":[{"embeddable":true,"href":"https:\/\/www.lianmeigroup.com\/fr\/wp-json\/wp\/v2\/media\/93622"}],"wp:attachment":[{"href":"https:\/\/www.lianmeigroup.com\/fr\/wp-json\/wp\/v2\/media?parent=93616"}],"wp:term":[{"taxonomy":"product_brand","embeddable":true,"href":"https:\/\/www.lianmeigroup.com\/fr\/wp-json\/wp\/v2\/product_brand?post=93616"},{"taxonomy":"product_cat","embeddable":true,"href":"https:\/\/www.lianmeigroup.com\/fr\/wp-json\/wp\/v2\/product_cat?post=93616"},{"taxonomy":"product_tag","embeddable":true,"href":"https:\/\/www.lianmeigroup.com\/fr\/wp-json\/wp\/v2\/product_tag?post=93616"}],"curies":[{"name":"wp","href":"https:\/\/api.w.org\/{rel}","templated":true}]}}