{"id":93430,"date":"2024-10-23T07:33:20","date_gmt":"2024-10-23T07:33:20","guid":{"rendered":"https:\/\/www.lianmeigroup.com\/?post_type=product&#038;p=93430"},"modified":"2025-09-01T07:29:37","modified_gmt":"2025-09-01T07:29:37","slug":"lme-500h-12","status":"publish","type":"product","link":"https:\/\/www.lianmeigroup.com\/fr\/product\/lme-500h-12","title":{"rendered":"LME-500H Moto \u00e9lectrique tout terrain 500W 12 pouces"},"content":{"rendered":"","protected":false},"excerpt":{"rendered":"<p>Le mini-v\u00e9lo cross \u00e9lectrique \u00e0 deux roues de LIANMEI est un excellent moyen pour les enfants de s'amuser et de d\u00e9velopper leurs capacit\u00e9s motrices et leur confiance en eux. Ce v\u00e9lo de cross 36V 12Ah est \u00e9quip\u00e9 d'une roue arri\u00e8re motrice, d'un moteur sans balai de 500W \u00e0 couple \u00e9lev\u00e9, pour les enfants de 13 ans et plus. Sa vitesse maximale peut atteindre 28km\/h. Ils offrent une exp\u00e9rience palpitante et excitante que les enfants adoreront, tout en \u00e9tant s\u00fbrs et respectueux de l'environnement.<\/p>","protected":false},"featured_media":93436,"template":"","meta":{"_sitemap_exclude":false,"_sitemap_priority":"","_sitemap_frequency":""},"product_brand":[],"product_cat":[33],"product_tag":[],"class_list":{"0":"post-93430","1":"product","2":"type-product","3":"status-publish","4":"has-post-thumbnail","6":"product_cat-electric-dirt-bike","8":"first","9":"instock","10":"shipping-taxable","11":"product-type-simple"},"_links":{"self":[{"href":"https:\/\/www.lianmeigroup.com\/fr\/wp-json\/wp\/v2\/product\/93430","targetHints":{"allow":["GET"]}}],"collection":[{"href":"https:\/\/www.lianmeigroup.com\/fr\/wp-json\/wp\/v2\/product"}],"about":[{"href":"https:\/\/www.lianmeigroup.com\/fr\/wp-json\/wp\/v2\/types\/product"}],"wp:featuredmedia":[{"embeddable":true,"href":"https:\/\/www.lianmeigroup.com\/fr\/wp-json\/wp\/v2\/media\/93436"}],"wp:attachment":[{"href":"https:\/\/www.lianmeigroup.com\/fr\/wp-json\/wp\/v2\/media?parent=93430"}],"wp:term":[{"taxonomy":"product_brand","embeddable":true,"href":"https:\/\/www.lianmeigroup.com\/fr\/wp-json\/wp\/v2\/product_brand?post=93430"},{"taxonomy":"product_cat","embeddable":true,"href":"https:\/\/www.lianmeigroup.com\/fr\/wp-json\/wp\/v2\/product_cat?post=93430"},{"taxonomy":"product_tag","embeddable":true,"href":"https:\/\/www.lianmeigroup.com\/fr\/wp-json\/wp\/v2\/product_tag?post=93430"}],"curies":[{"name":"wp","href":"https:\/\/api.w.org\/{rel}","templated":true}]}}