{"id":90703,"date":"2024-02-23T06:14:31","date_gmt":"2024-02-23T06:14:31","guid":{"rendered":"https:\/\/www.lianmeigroup.com\/?post_type=product&#038;p=90703"},"modified":"2025-09-01T07:27:27","modified_gmt":"2025-09-01T07:27:27","slug":"lmatv-200hm","status":"publish","type":"product","link":"https:\/\/www.lianmeigroup.com\/fr\/product\/lmatv-200hm","title":{"rendered":"LMATV-200HM Four Stroke 180cc ATV Quad"},"content":{"rendered":"","protected":false},"excerpt":{"rendered":"<p>Le VTT 180cc \u00e0 quatre temps, monocylindre, moteur \u00e0 essence refroidi \u00e0 l'air, est \u00e9quip\u00e9 d'un porte-bagages avant et arri\u00e8re en acier, la taille normale des roues est de 10 pouces, il convient aux plages, \u00e0 l'herbe, aux routes de montagne, aux sites touristiques et \u00e0 d'autres routes complexes. 183*110*110cm, c'est la longueur, la largeur et la hauteur de ce VTT 180cc, ce grand mod\u00e8le de VTT convient aux plus de 18 ans.<br \/>\nLa transmission du VTT 180cc est automatique, simple avant. Comme il s'agit d'un grand mod\u00e8le de VTT, la charge maximale peut \u00eatre de 120kgs et la vitesse maximale de 70km\/h. Le VTT 180cc \u00e0 quatre temps peut attirer beaucoup d'attention et peut faire de vous une personne cool.<\/p>","protected":false},"featured_media":96278,"template":"","meta":{"_sitemap_exclude":false,"_sitemap_priority":"","_sitemap_frequency":""},"product_brand":[],"product_cat":[23],"product_tag":[],"class_list":{"0":"post-90703","1":"product","2":"type-product","3":"status-publish","4":"has-post-thumbnail","6":"product_cat-gasoline-atv","8":"first","9":"instock","10":"shipping-taxable","11":"product-type-simple"},"_links":{"self":[{"href":"https:\/\/www.lianmeigroup.com\/fr\/wp-json\/wp\/v2\/product\/90703","targetHints":{"allow":["GET"]}}],"collection":[{"href":"https:\/\/www.lianmeigroup.com\/fr\/wp-json\/wp\/v2\/product"}],"about":[{"href":"https:\/\/www.lianmeigroup.com\/fr\/wp-json\/wp\/v2\/types\/product"}],"wp:featuredmedia":[{"embeddable":true,"href":"https:\/\/www.lianmeigroup.com\/fr\/wp-json\/wp\/v2\/media\/96278"}],"wp:attachment":[{"href":"https:\/\/www.lianmeigroup.com\/fr\/wp-json\/wp\/v2\/media?parent=90703"}],"wp:term":[{"taxonomy":"product_brand","embeddable":true,"href":"https:\/\/www.lianmeigroup.com\/fr\/wp-json\/wp\/v2\/product_brand?post=90703"},{"taxonomy":"product_cat","embeddable":true,"href":"https:\/\/www.lianmeigroup.com\/fr\/wp-json\/wp\/v2\/product_cat?post=90703"},{"taxonomy":"product_tag","embeddable":true,"href":"https:\/\/www.lianmeigroup.com\/fr\/wp-json\/wp\/v2\/product_tag?post=90703"}],"curies":[{"name":"wp","href":"https:\/\/api.w.org\/{rel}","templated":true}]}}