{"id":81769,"date":"2023-07-04T01:19:10","date_gmt":"2023-07-04T01:19:10","guid":{"rendered":"https:\/\/www.lianmeigroup.com\/?post_type=product&#038;p=81769"},"modified":"2025-09-01T07:30:31","modified_gmt":"2025-09-01T07:30:31","slug":"lmtdf-64l","status":"publish","type":"product","link":"https:\/\/www.lianmeigroup.com\/fr\/product\/lmtdf-64l","title":{"rendered":"LMTDF-64L Style de marteau"},"content":{"rendered":"","protected":false},"excerpt":{"rendered":"<p>1. E-Powered : choisissez de p\u00e9daler manuellement ou d'utiliser le moteur \u00e9lectrique pour un petit coup de pouce suppl\u00e9mentaire sur ce fat-tire mountain bike \u00e9lectrique.<\/p>\n<p>2. pneus larges : Les pneus de 4 pouces \u00e0 grand volume mont\u00e9s sur des jantes de 26 pouces permettent aux jeunes cyclistes d'exp\u00e9rimenter la traction maximale et la conduite souple d'un v\u00e9ritable fat bike pour adultes.<\/p>\n<p>3.10 vitesses : changez entre 10 vitesses pour vous aider \u00e0 conqu\u00e9rir une vari\u00e9t\u00e9 de terrains sur ce v\u00e9lo \u00e9lectrique de montagne avec un cadre en aluminium durable de la s\u00e9rie 6061 construit pour durer.<\/p>","protected":false},"featured_media":81803,"template":"","meta":{"_sitemap_exclude":false,"_sitemap_priority":"","_sitemap_frequency":""},"product_brand":[],"product_cat":[37,36],"product_tag":[],"class_list":{"0":"post-81769","1":"product","2":"type-product","3":"status-publish","4":"has-post-thumbnail","6":"product_cat-fat-e-bike","7":"product_cat-mid-drive-e-bike","9":"first","10":"instock","11":"shipping-taxable","12":"product-type-simple"},"_links":{"self":[{"href":"https:\/\/www.lianmeigroup.com\/fr\/wp-json\/wp\/v2\/product\/81769","targetHints":{"allow":["GET"]}}],"collection":[{"href":"https:\/\/www.lianmeigroup.com\/fr\/wp-json\/wp\/v2\/product"}],"about":[{"href":"https:\/\/www.lianmeigroup.com\/fr\/wp-json\/wp\/v2\/types\/product"}],"wp:featuredmedia":[{"embeddable":true,"href":"https:\/\/www.lianmeigroup.com\/fr\/wp-json\/wp\/v2\/media\/81803"}],"wp:attachment":[{"href":"https:\/\/www.lianmeigroup.com\/fr\/wp-json\/wp\/v2\/media?parent=81769"}],"wp:term":[{"taxonomy":"product_brand","embeddable":true,"href":"https:\/\/www.lianmeigroup.com\/fr\/wp-json\/wp\/v2\/product_brand?post=81769"},{"taxonomy":"product_cat","embeddable":true,"href":"https:\/\/www.lianmeigroup.com\/fr\/wp-json\/wp\/v2\/product_cat?post=81769"},{"taxonomy":"product_tag","embeddable":true,"href":"https:\/\/www.lianmeigroup.com\/fr\/wp-json\/wp\/v2\/product_tag?post=81769"}],"curies":[{"name":"wp","href":"https:\/\/api.w.org\/{rel}","templated":true}]}}