{"id":679,"date":"2023-05-30T06:53:38","date_gmt":"2023-05-30T06:53:38","guid":{"rendered":"http:\/\/lianmeigroup.com\/product\/import-placeholder-for-84556.html"},"modified":"2025-09-01T07:31:26","modified_gmt":"2025-09-01T07:31:26","slug":"lmtdf-60l","status":"publish","type":"product","link":"https:\/\/www.lianmeigroup.com\/fr\/product\/lmtdf-60l","title":{"rendered":"LMTDF-60L 48V 500W E-Bike"},"content":{"rendered":"","protected":false},"excerpt":{"rendered":"<p>Compar\u00e9 au v\u00e9lo \u00e9lectrique pliable, le cadre de notre v\u00e9lo \u00e9lectrique est plus solide, plus stable, avec une meilleure capacit\u00e9 de charge, une dur\u00e9e de vie plus longue, moins de probl\u00e8mes de produit et plus confortable \u00e0 conduire.<br \/>\nTrois modes de conduite : conduite normale, assistance \u00e9lectrique \u00e0 pleine puissance, p\u00e9dalage assist\u00e9 hybride.<br \/>\nMoteur puissant de 350W : acc\u00e9l\u00e9ration plus rapide et puissance accrue lors des mont\u00e9es, pas de soucis sur les terrains ou les trajets en ville vallonn\u00e9e.<br \/>\nBatterie LG de grande capacit\u00e9 36V 10Ah : Elle permet de parcourir plus de 35 kilom\u00e8tres par charge compl\u00e8te, ce qui est s\u00fbr et pratique pour recharger l'appareil \u00e0 la maison ou au bureau.<\/p>","protected":false},"featured_media":90577,"template":"","meta":{"_sitemap_exclude":false,"_sitemap_priority":"","_sitemap_frequency":""},"product_brand":[],"product_cat":[36],"product_tag":[],"class_list":{"0":"post-679","1":"product","2":"type-product","3":"status-publish","4":"has-post-thumbnail","6":"product_cat-mid-drive-e-bike","8":"first","9":"instock","10":"shipping-taxable","11":"product-type-simple"},"_links":{"self":[{"href":"https:\/\/www.lianmeigroup.com\/fr\/wp-json\/wp\/v2\/product\/679","targetHints":{"allow":["GET"]}}],"collection":[{"href":"https:\/\/www.lianmeigroup.com\/fr\/wp-json\/wp\/v2\/product"}],"about":[{"href":"https:\/\/www.lianmeigroup.com\/fr\/wp-json\/wp\/v2\/types\/product"}],"wp:featuredmedia":[{"embeddable":true,"href":"https:\/\/www.lianmeigroup.com\/fr\/wp-json\/wp\/v2\/media\/90577"}],"wp:attachment":[{"href":"https:\/\/www.lianmeigroup.com\/fr\/wp-json\/wp\/v2\/media?parent=679"}],"wp:term":[{"taxonomy":"product_brand","embeddable":true,"href":"https:\/\/www.lianmeigroup.com\/fr\/wp-json\/wp\/v2\/product_brand?post=679"},{"taxonomy":"product_cat","embeddable":true,"href":"https:\/\/www.lianmeigroup.com\/fr\/wp-json\/wp\/v2\/product_cat?post=679"},{"taxonomy":"product_tag","embeddable":true,"href":"https:\/\/www.lianmeigroup.com\/fr\/wp-json\/wp\/v2\/product_tag?post=679"}],"curies":[{"name":"wp","href":"https:\/\/api.w.org\/{rel}","templated":true}]}}