{"id":670,"date":"2023-05-30T06:53:38","date_gmt":"2023-05-30T06:53:38","guid":{"rendered":"http:\/\/lianmeigroup.com\/product\/import-placeholder-for-80880.html"},"modified":"2025-09-01T07:31:05","modified_gmt":"2025-09-01T07:31:05","slug":"lmdb-140","status":"publish","type":"product","link":"https:\/\/www.lianmeigroup.com\/fr\/product\/lmdb-140","title":{"rendered":"LMDB-140 Four Stroke 140cc Dirt Bike"},"content":{"rendered":"","protected":false},"excerpt":{"rendered":"<p>Les Dirt Bike sont des v\u00e9hicules exaltants plus l\u00e9gers que les motos et con\u00e7us pour rouler sur des terrains hors route. Malgr\u00e9 leur petite taille, ils sont \u00e9quip\u00e9s de moteurs puissants, de r\u00e9servoirs d'essence et de syst\u00e8mes de suspension uniques qui permettent aux pilotes de d\u00e9valer confortablement les pistes et de franchir les collines.<br \/>\nGr\u00e2ce \u00e0 leur maniabilit\u00e9 et \u00e0 leurs virages impressionnants, les motos tout-terrain 150cc procurent une pouss\u00e9e d'adr\u00e9naline in\u00e9galable.<\/p>","protected":false},"featured_media":752,"template":"","meta":{"_sitemap_exclude":false,"_sitemap_priority":"","_sitemap_frequency":""},"product_brand":[],"product_cat":[32],"product_tag":[],"class_list":{"0":"post-670","1":"product","2":"type-product","3":"status-publish","4":"has-post-thumbnail","6":"product_cat-gasoline-dirt-bike","8":"first","9":"instock","10":"shipping-taxable","11":"product-type-simple"},"_links":{"self":[{"href":"https:\/\/www.lianmeigroup.com\/fr\/wp-json\/wp\/v2\/product\/670","targetHints":{"allow":["GET"]}}],"collection":[{"href":"https:\/\/www.lianmeigroup.com\/fr\/wp-json\/wp\/v2\/product"}],"about":[{"href":"https:\/\/www.lianmeigroup.com\/fr\/wp-json\/wp\/v2\/types\/product"}],"wp:featuredmedia":[{"embeddable":true,"href":"https:\/\/www.lianmeigroup.com\/fr\/wp-json\/wp\/v2\/media\/752"}],"wp:attachment":[{"href":"https:\/\/www.lianmeigroup.com\/fr\/wp-json\/wp\/v2\/media?parent=670"}],"wp:term":[{"taxonomy":"product_brand","embeddable":true,"href":"https:\/\/www.lianmeigroup.com\/fr\/wp-json\/wp\/v2\/product_brand?post=670"},{"taxonomy":"product_cat","embeddable":true,"href":"https:\/\/www.lianmeigroup.com\/fr\/wp-json\/wp\/v2\/product_cat?post=670"},{"taxonomy":"product_tag","embeddable":true,"href":"https:\/\/www.lianmeigroup.com\/fr\/wp-json\/wp\/v2\/product_tag?post=670"}],"curies":[{"name":"wp","href":"https:\/\/api.w.org\/{rel}","templated":true}]}}