{"id":668,"date":"2023-05-30T06:53:38","date_gmt":"2023-05-30T06:53:38","guid":{"rendered":"http:\/\/lianmeigroup.com\/product\/import-placeholder-for-80864.html"},"modified":"2025-09-01T07:30:55","modified_gmt":"2025-09-01T07:30:55","slug":"lmdb-110a","status":"publish","type":"product","link":"https:\/\/www.lianmeigroup.com\/fr\/product\/lmdb-110a","title":{"rendered":"LMDB-110A Dirt Bike 110cc \u00e0 quatre temps"},"content":{"rendered":"","protected":false},"excerpt":{"rendered":"<p>Le dirt bike, \u00e9galement appel\u00e9 moto tout-terrain, appartient aux v\u00e9hicules tout-terrain (ATV, UTV, BAJA, Go-Kart et dirt bike) dans l'Union europ\u00e9enne et aux \u00c9tats-Unis. Le dirt bike est utilis\u00e9 pour le sport motocycliste et est la moto qui peut \u00eatre utilis\u00e9e dans les courses de v\u00e9hicules tout-terrain sur certains itin\u00e9raires tout-terrain.<\/p>","protected":false},"featured_media":740,"template":"","meta":{"_sitemap_exclude":false,"_sitemap_priority":"","_sitemap_frequency":""},"product_brand":[],"product_cat":[32],"product_tag":[],"class_list":{"0":"post-668","1":"product","2":"type-product","3":"status-publish","4":"has-post-thumbnail","6":"product_cat-gasoline-dirt-bike","8":"first","9":"instock","10":"shipping-taxable","11":"product-type-simple"},"_links":{"self":[{"href":"https:\/\/www.lianmeigroup.com\/fr\/wp-json\/wp\/v2\/product\/668","targetHints":{"allow":["GET"]}}],"collection":[{"href":"https:\/\/www.lianmeigroup.com\/fr\/wp-json\/wp\/v2\/product"}],"about":[{"href":"https:\/\/www.lianmeigroup.com\/fr\/wp-json\/wp\/v2\/types\/product"}],"wp:featuredmedia":[{"embeddable":true,"href":"https:\/\/www.lianmeigroup.com\/fr\/wp-json\/wp\/v2\/media\/740"}],"wp:attachment":[{"href":"https:\/\/www.lianmeigroup.com\/fr\/wp-json\/wp\/v2\/media?parent=668"}],"wp:term":[{"taxonomy":"product_brand","embeddable":true,"href":"https:\/\/www.lianmeigroup.com\/fr\/wp-json\/wp\/v2\/product_brand?post=668"},{"taxonomy":"product_cat","embeddable":true,"href":"https:\/\/www.lianmeigroup.com\/fr\/wp-json\/wp\/v2\/product_cat?post=668"},{"taxonomy":"product_tag","embeddable":true,"href":"https:\/\/www.lianmeigroup.com\/fr\/wp-json\/wp\/v2\/product_tag?post=668"}],"curies":[{"name":"wp","href":"https:\/\/api.w.org\/{rel}","templated":true}]}}