{"id":665,"date":"2023-05-30T06:53:38","date_gmt":"2023-05-30T06:53:38","guid":{"rendered":"http:\/\/lianmeigroup.com\/product\/import-placeholder-for-80838.html"},"modified":"2025-09-01T07:24:11","modified_gmt":"2025-09-01T07:24:11","slug":"lmatv-250hm","status":"publish","type":"product","link":"https:\/\/www.lianmeigroup.com\/fr\/product\/lmatv-250hm","title":{"rendered":"LMATV-250HM Quad ATV 250cc \u00e0 quatre temps"},"content":{"rendered":"","protected":false},"excerpt":{"rendered":"<p>Ce VTT 250cc \u00e0 quatre temps, monocylindre, moteur \u00e0 essence refroidi par air, est \u00e9quip\u00e9 d'un porte-bagages en acier \u00e0 l'avant et \u00e0 l'arri\u00e8re. La taille normale des roues est de 8 pouces et convient aux plages, \u00e0 l'herbe, aux routes de montagne, aux sites touristiques et \u00e0 d'autres routes complexes. La longueur, la largeur et la hauteur de ce VTT 250cc sont de 178*97*95 cm. Ce grand mod\u00e8le de VTT convient aux personnes \u00e2g\u00e9es de plus de 18 ans.<br \/>\nLa transmission du VTT 250cc est semi-automatique, 1+2+3+4+5+N+R. Comme il s'agit d'un grand mod\u00e8le de VTT, la charge maximale peut \u00eatre de 150kgs et la vitesse maximale de 60km\/h. Le VTT 250cc \u00e0 quatre temps peut attirer beaucoup d'attention et peut faire de vous une personne cool.<\/p>","protected":false},"featured_media":722,"template":"","meta":{"_sitemap_exclude":false,"_sitemap_priority":"","_sitemap_frequency":""},"product_brand":[],"product_cat":[23],"product_tag":[],"class_list":{"0":"post-665","1":"product","2":"type-product","3":"status-publish","4":"has-post-thumbnail","6":"product_cat-gasoline-atv","8":"first","9":"instock","10":"shipping-taxable","11":"product-type-simple"},"_links":{"self":[{"href":"https:\/\/www.lianmeigroup.com\/fr\/wp-json\/wp\/v2\/product\/665","targetHints":{"allow":["GET"]}}],"collection":[{"href":"https:\/\/www.lianmeigroup.com\/fr\/wp-json\/wp\/v2\/product"}],"about":[{"href":"https:\/\/www.lianmeigroup.com\/fr\/wp-json\/wp\/v2\/types\/product"}],"wp:featuredmedia":[{"embeddable":true,"href":"https:\/\/www.lianmeigroup.com\/fr\/wp-json\/wp\/v2\/media\/722"}],"wp:attachment":[{"href":"https:\/\/www.lianmeigroup.com\/fr\/wp-json\/wp\/v2\/media?parent=665"}],"wp:term":[{"taxonomy":"product_brand","embeddable":true,"href":"https:\/\/www.lianmeigroup.com\/fr\/wp-json\/wp\/v2\/product_brand?post=665"},{"taxonomy":"product_cat","embeddable":true,"href":"https:\/\/www.lianmeigroup.com\/fr\/wp-json\/wp\/v2\/product_cat?post=665"},{"taxonomy":"product_tag","embeddable":true,"href":"https:\/\/www.lianmeigroup.com\/fr\/wp-json\/wp\/v2\/product_tag?post=665"}],"curies":[{"name":"wp","href":"https:\/\/api.w.org\/{rel}","templated":true}]}}