{"id":533,"date":"2023-05-30T06:53:17","date_gmt":"2023-05-30T06:53:17","guid":{"rendered":"http:\/\/lianmeigroup.com\/product\/import-placeholder-for-80811.html"},"modified":"2025-09-01T07:24:19","modified_gmt":"2025-09-01T07:24:19","slug":"lmatv-150hm","status":"publish","type":"product","link":"https:\/\/www.lianmeigroup.com\/fr\/product\/lmatv-150hm","title":{"rendered":"LMATV-150HM 150cc ATV 4 roues Quad"},"content":{"rendered":"","protected":false},"excerpt":{"rendered":"<p>Le 150cc \u00e0 quatre temps, GY6, JINGRONG monocylindre \uff0cRefroidissement par air. Le d\u00e9marrage est \u00e9lectrique, avec une batterie au plomb de 12V 6.5Ah. L'entra\u00eenement du VTT 150cc est une cha\u00eene avec tension de cha\u00eene et protecteur.<\/p>","protected":false},"featured_media":704,"template":"","meta":{"_sitemap_exclude":false,"_sitemap_priority":"","_sitemap_frequency":""},"product_brand":[],"product_cat":[23],"product_tag":[],"class_list":{"0":"post-533","1":"product","2":"type-product","3":"status-publish","4":"has-post-thumbnail","6":"product_cat-gasoline-atv","8":"first","9":"instock","10":"shipping-taxable","11":"product-type-simple"},"_links":{"self":[{"href":"https:\/\/www.lianmeigroup.com\/fr\/wp-json\/wp\/v2\/product\/533","targetHints":{"allow":["GET"]}}],"collection":[{"href":"https:\/\/www.lianmeigroup.com\/fr\/wp-json\/wp\/v2\/product"}],"about":[{"href":"https:\/\/www.lianmeigroup.com\/fr\/wp-json\/wp\/v2\/types\/product"}],"wp:featuredmedia":[{"embeddable":true,"href":"https:\/\/www.lianmeigroup.com\/fr\/wp-json\/wp\/v2\/media\/704"}],"wp:attachment":[{"href":"https:\/\/www.lianmeigroup.com\/fr\/wp-json\/wp\/v2\/media?parent=533"}],"wp:term":[{"taxonomy":"product_brand","embeddable":true,"href":"https:\/\/www.lianmeigroup.com\/fr\/wp-json\/wp\/v2\/product_brand?post=533"},{"taxonomy":"product_cat","embeddable":true,"href":"https:\/\/www.lianmeigroup.com\/fr\/wp-json\/wp\/v2\/product_cat?post=533"},{"taxonomy":"product_tag","embeddable":true,"href":"https:\/\/www.lianmeigroup.com\/fr\/wp-json\/wp\/v2\/product_tag?post=533"}],"curies":[{"name":"wp","href":"https:\/\/api.w.org\/{rel}","templated":true}]}}