{"id":530,"date":"2023-05-30T06:53:17","date_gmt":"2023-05-30T06:53:17","guid":{"rendered":"http:\/\/lianmeigroup.com\/product\/import-placeholder-for-80785.html"},"modified":"2025-09-01T07:24:45","modified_gmt":"2025-09-01T07:24:45","slug":"lmatv-110z","status":"publish","type":"product","link":"https:\/\/www.lianmeigroup.com\/fr\/product\/lmatv-110z","title":{"rendered":"LMATV-110Z Quad ATV 110cc"},"content":{"rendered":"","protected":false},"excerpt":{"rendered":"<p class=\"pdshow-r-text\" style=\"text-align: start;\">Le VTT 110cc \u00e0 quatre temps, le moteur est 110cc \u00e0 quatre temps, monocylindre, refroidi \u00e0 l'air. L'al\u00e9sage et la course sont de 52,4*49,5mm. Il est plus grand que le VTT 49cc, L*H*L est 151*99*102cm, l'\u00e2ge de l'utilisateur est de 16 ans ou plus de 16 ans.<\/p>","protected":false},"featured_media":686,"template":"","meta":{"_sitemap_exclude":false,"_sitemap_priority":"","_sitemap_frequency":""},"product_brand":[],"product_cat":[23],"product_tag":[],"class_list":{"0":"post-530","1":"product","2":"type-product","3":"status-publish","4":"has-post-thumbnail","6":"product_cat-gasoline-atv","8":"first","9":"instock","10":"shipping-taxable","11":"product-type-simple"},"_links":{"self":[{"href":"https:\/\/www.lianmeigroup.com\/fr\/wp-json\/wp\/v2\/product\/530","targetHints":{"allow":["GET"]}}],"collection":[{"href":"https:\/\/www.lianmeigroup.com\/fr\/wp-json\/wp\/v2\/product"}],"about":[{"href":"https:\/\/www.lianmeigroup.com\/fr\/wp-json\/wp\/v2\/types\/product"}],"wp:featuredmedia":[{"embeddable":true,"href":"https:\/\/www.lianmeigroup.com\/fr\/wp-json\/wp\/v2\/media\/686"}],"wp:attachment":[{"href":"https:\/\/www.lianmeigroup.com\/fr\/wp-json\/wp\/v2\/media?parent=530"}],"wp:term":[{"taxonomy":"product_brand","embeddable":true,"href":"https:\/\/www.lianmeigroup.com\/fr\/wp-json\/wp\/v2\/product_brand?post=530"},{"taxonomy":"product_cat","embeddable":true,"href":"https:\/\/www.lianmeigroup.com\/fr\/wp-json\/wp\/v2\/product_cat?post=530"},{"taxonomy":"product_tag","embeddable":true,"href":"https:\/\/www.lianmeigroup.com\/fr\/wp-json\/wp\/v2\/product_tag?post=530"}],"curies":[{"name":"wp","href":"https:\/\/api.w.org\/{rel}","templated":true}]}}