{"id":517,"date":"2023-05-30T06:53:16","date_gmt":"2023-05-30T06:53:16","guid":{"rendered":"http:\/\/lianmeigroup.com\/product\/import-placeholder-for-80673.html"},"modified":"2025-09-01T07:25:02","modified_gmt":"2025-09-01T07:25:02","slug":"lmatv-049hm","status":"publish","type":"product","link":"https:\/\/www.lianmeigroup.com\/fr\/product\/lmatv-049hm","title":{"rendered":"LMATV-049HM 49cc ATV Four Wheel Dual Drive"},"content":{"rendered":"","protected":false},"excerpt":{"rendered":"<p class=\"pdshow-r-text\" style=\"text-align: start;\">Le VTT 49cc \u00e0 deux temps est un 49cc \u00e0 deux temps, monocylindre, refroidi \u00e0 l'air. Le d\u00e9marrage se fait par traction. L'entra\u00eenement du VTT 49cc se fait par cha\u00eene avec tension et protection de la cha\u00eene.<\/p>","protected":false},"featured_media":93178,"template":"","meta":{"_sitemap_exclude":false,"_sitemap_priority":"","_sitemap_frequency":""},"product_brand":[],"product_cat":[23],"product_tag":[],"class_list":{"0":"post-517","1":"product","2":"type-product","3":"status-publish","4":"has-post-thumbnail","6":"product_cat-gasoline-atv","8":"first","9":"instock","10":"shipping-taxable","11":"product-type-simple"},"_links":{"self":[{"href":"https:\/\/www.lianmeigroup.com\/fr\/wp-json\/wp\/v2\/product\/517","targetHints":{"allow":["GET"]}}],"collection":[{"href":"https:\/\/www.lianmeigroup.com\/fr\/wp-json\/wp\/v2\/product"}],"about":[{"href":"https:\/\/www.lianmeigroup.com\/fr\/wp-json\/wp\/v2\/types\/product"}],"wp:featuredmedia":[{"embeddable":true,"href":"https:\/\/www.lianmeigroup.com\/fr\/wp-json\/wp\/v2\/media\/93178"}],"wp:attachment":[{"href":"https:\/\/www.lianmeigroup.com\/fr\/wp-json\/wp\/v2\/media?parent=517"}],"wp:term":[{"taxonomy":"product_brand","embeddable":true,"href":"https:\/\/www.lianmeigroup.com\/fr\/wp-json\/wp\/v2\/product_brand?post=517"},{"taxonomy":"product_cat","embeddable":true,"href":"https:\/\/www.lianmeigroup.com\/fr\/wp-json\/wp\/v2\/product_cat?post=517"},{"taxonomy":"product_tag","embeddable":true,"href":"https:\/\/www.lianmeigroup.com\/fr\/wp-json\/wp\/v2\/product_tag?post=517"}],"curies":[{"name":"wp","href":"https:\/\/api.w.org\/{rel}","templated":true}]}}