{"id":338,"date":"2023-05-30T06:53:05","date_gmt":"2023-05-30T06:53:05","guid":{"rendered":"http:\/\/lianmeigroup.com\/product\/import-placeholder-for-80439.html"},"modified":"2025-09-01T07:32:11","modified_gmt":"2025-09-01T07:32:11","slug":"lmtdr-08l-2","status":"publish","type":"product","link":"https:\/\/www.lianmeigroup.com\/fr\/product\/lmtdr-08l-2","title":{"rendered":"LMTDR-08L-2 10 Inch Fashion Fat Tyre E-bike"},"content":{"rendered":"","protected":false},"excerpt":{"rendered":"<p>V\u00e9lo \u00e9lectrique pliable de 20 pouces, chaque taille est destin\u00e9e \u00e0 un public diff\u00e9rent. Il est \u00e9quip\u00e9 d'un moteur sans balais de 350W, un moteur de cette puissance est suffisant pour nos transports habituels. Et il utilise des batteries lithium-ion plus propres.<\/p>","protected":false},"featured_media":422,"template":"","meta":{"_sitemap_exclude":false,"_sitemap_priority":"","_sitemap_frequency":""},"product_brand":[],"product_cat":[37],"product_tag":[],"class_list":{"0":"post-338","1":"product","2":"type-product","3":"status-publish","4":"has-post-thumbnail","6":"product_cat-fat-e-bike","8":"first","9":"instock","10":"shipping-taxable","11":"product-type-simple"},"_links":{"self":[{"href":"https:\/\/www.lianmeigroup.com\/fr\/wp-json\/wp\/v2\/product\/338","targetHints":{"allow":["GET"]}}],"collection":[{"href":"https:\/\/www.lianmeigroup.com\/fr\/wp-json\/wp\/v2\/product"}],"about":[{"href":"https:\/\/www.lianmeigroup.com\/fr\/wp-json\/wp\/v2\/types\/product"}],"wp:featuredmedia":[{"embeddable":true,"href":"https:\/\/www.lianmeigroup.com\/fr\/wp-json\/wp\/v2\/media\/422"}],"wp:attachment":[{"href":"https:\/\/www.lianmeigroup.com\/fr\/wp-json\/wp\/v2\/media?parent=338"}],"wp:term":[{"taxonomy":"product_brand","embeddable":true,"href":"https:\/\/www.lianmeigroup.com\/fr\/wp-json\/wp\/v2\/product_brand?post=338"},{"taxonomy":"product_cat","embeddable":true,"href":"https:\/\/www.lianmeigroup.com\/fr\/wp-json\/wp\/v2\/product_cat?post=338"},{"taxonomy":"product_tag","embeddable":true,"href":"https:\/\/www.lianmeigroup.com\/fr\/wp-json\/wp\/v2\/product_tag?post=338"}],"curies":[{"name":"wp","href":"https:\/\/api.w.org\/{rel}","templated":true}]}}