{"id":144,"date":"2023-05-30T06:52:54","date_gmt":"2023-05-30T06:52:54","guid":{"rendered":"http:\/\/lianmeigroup.com\/product\/import-placeholder-for-80224.html"},"modified":"2025-09-01T07:33:53","modified_gmt":"2025-09-01T07:33:53","slug":"lmtdf-35l","status":"publish","type":"product","link":"https:\/\/www.lianmeigroup.com\/fr\/product\/lmtdf-35l","title":{"rendered":"LMTDF-35L V\u00e9lo \u00e9lectrique Fat Mountain 350W"},"content":{"rendered":"","protected":false},"excerpt":{"rendered":"<p>1. E-Powered : choisissez de p\u00e9daler manuellement ou d'utiliser le moteur \u00e9lectrique pour un petit coup de pouce suppl\u00e9mentaire sur ce fat-tire mountain bike \u00e9lectrique.<\/p>\n<p>2. pneus larges : Les pneus de 4 pouces \u00e0 grand volume mont\u00e9s sur des jantes de 26 pouces permettent aux jeunes cyclistes d'exp\u00e9rimenter la traction maximale et la conduite souple d'un v\u00e9ritable fat bike pour adultes.<\/p>\n<p>3,7 vitesses : sept vitesses pour vous aider \u00e0 conqu\u00e9rir une vari\u00e9t\u00e9 de terrains sur ce v\u00e9lo \u00e9lectrique de montagne dot\u00e9 d'un cadre en aluminium durable de la s\u00e9rie 6061 con\u00e7u pour durer.<\/p>","protected":false},"featured_media":246,"template":"","meta":{"_sitemap_exclude":false,"_sitemap_priority":"","_sitemap_frequency":""},"product_brand":[],"product_cat":[37],"product_tag":[],"class_list":{"0":"post-144","1":"product","2":"type-product","3":"status-publish","4":"has-post-thumbnail","6":"product_cat-fat-e-bike","8":"first","9":"instock","10":"shipping-taxable","11":"product-type-simple"},"_links":{"self":[{"href":"https:\/\/www.lianmeigroup.com\/fr\/wp-json\/wp\/v2\/product\/144","targetHints":{"allow":["GET"]}}],"collection":[{"href":"https:\/\/www.lianmeigroup.com\/fr\/wp-json\/wp\/v2\/product"}],"about":[{"href":"https:\/\/www.lianmeigroup.com\/fr\/wp-json\/wp\/v2\/types\/product"}],"wp:featuredmedia":[{"embeddable":true,"href":"https:\/\/www.lianmeigroup.com\/fr\/wp-json\/wp\/v2\/media\/246"}],"wp:attachment":[{"href":"https:\/\/www.lianmeigroup.com\/fr\/wp-json\/wp\/v2\/media?parent=144"}],"wp:term":[{"taxonomy":"product_brand","embeddable":true,"href":"https:\/\/www.lianmeigroup.com\/fr\/wp-json\/wp\/v2\/product_brand?post=144"},{"taxonomy":"product_cat","embeddable":true,"href":"https:\/\/www.lianmeigroup.com\/fr\/wp-json\/wp\/v2\/product_cat?post=144"},{"taxonomy":"product_tag","embeddable":true,"href":"https:\/\/www.lianmeigroup.com\/fr\/wp-json\/wp\/v2\/product_tag?post=144"}],"curies":[{"name":"wp","href":"https:\/\/api.w.org\/{rel}","templated":true}]}}