{"id":140,"date":"2023-05-30T06:52:54","date_gmt":"2023-05-30T06:52:54","guid":{"rendered":"http:\/\/lianmeigroup.com\/product\/import-placeholder-for-80193.html"},"modified":"2025-09-01T07:33:37","modified_gmt":"2025-09-01T07:33:37","slug":"lmtdf-27l","status":"publish","type":"product","link":"https:\/\/www.lianmeigroup.com\/fr\/product\/lmtdf-27l","title":{"rendered":"LMTDF-27L 26 Inch Wide Tire Bicycle"},"content":{"rendered":"","protected":false},"excerpt":{"rendered":"<p>1) Conqu\u00e9rir n'importe quel sentier hors route avec facilit\u00e9 gr\u00e2ce \u00e0 ce v\u00e9lo tout-terrain \u00e0 cadre en acier dot\u00e9 de roues de 26 pouces \u00e0 crampons tout-terrain.<\/p>\n<p>2. la selle non filet\u00e9e est r\u00e9glable pour les cyclistes de diff\u00e9rentes tailles. les jantes en alliage, solides et l\u00e9g\u00e8res, permettent de r\u00e9duire le poids.<\/p>\n<p>3) Roulez confortablement avec les p\u00e9dales beach cruiser et assurez votre s\u00e9curit\u00e9 avec les freins \u00e0 disque avant et arri\u00e8re.<\/p>\n<p>4. le d\u00e9railleur arri\u00e8re \u00e0 sept vitesses facilite l'ascension des collines, tandis que les manettes de changement de vitesse assurent la fluidit\u00e9 de la marche.<\/p>","protected":false},"featured_media":223,"template":"","meta":{"_sitemap_exclude":false,"_sitemap_priority":"","_sitemap_frequency":""},"product_brand":[],"product_cat":[37],"product_tag":[],"class_list":{"0":"post-140","1":"product","2":"type-product","3":"status-publish","4":"has-post-thumbnail","6":"product_cat-fat-e-bike","8":"first","9":"instock","10":"shipping-taxable","11":"product-type-simple"},"_links":{"self":[{"href":"https:\/\/www.lianmeigroup.com\/fr\/wp-json\/wp\/v2\/product\/140","targetHints":{"allow":["GET"]}}],"collection":[{"href":"https:\/\/www.lianmeigroup.com\/fr\/wp-json\/wp\/v2\/product"}],"about":[{"href":"https:\/\/www.lianmeigroup.com\/fr\/wp-json\/wp\/v2\/types\/product"}],"wp:featuredmedia":[{"embeddable":true,"href":"https:\/\/www.lianmeigroup.com\/fr\/wp-json\/wp\/v2\/media\/223"}],"wp:attachment":[{"href":"https:\/\/www.lianmeigroup.com\/fr\/wp-json\/wp\/v2\/media?parent=140"}],"wp:term":[{"taxonomy":"product_brand","embeddable":true,"href":"https:\/\/www.lianmeigroup.com\/fr\/wp-json\/wp\/v2\/product_brand?post=140"},{"taxonomy":"product_cat","embeddable":true,"href":"https:\/\/www.lianmeigroup.com\/fr\/wp-json\/wp\/v2\/product_cat?post=140"},{"taxonomy":"product_tag","embeddable":true,"href":"https:\/\/www.lianmeigroup.com\/fr\/wp-json\/wp\/v2\/product_tag?post=140"}],"curies":[{"name":"wp","href":"https:\/\/api.w.org\/{rel}","templated":true}]}}