{"id":96094,"date":"2025-06-16T09:22:25","date_gmt":"2025-06-16T09:22:25","guid":{"rendered":"https:\/\/www.lianmeigroup.com\/?post_type=product&#038;p=96094"},"modified":"2025-09-01T07:21:09","modified_gmt":"2025-09-01T07:21:09","slug":"lmatv-110zy","status":"publish","type":"product","link":"https:\/\/www.lianmeigroup.com\/es\/product\/lmatv-110zy","title":{"rendered":"LMATV-110ZY 110cc ATV de cuatro tiempos"},"content":{"rendered":"","protected":false},"excerpt":{"rendered":"<p>El portaequipajes est\u00e1 en la parte delantera y trasera del ATV. Es una mejora fant\u00e1stica para llevar todo lo necesario.<br \/>\nEmbellecedor de pl\u00e1stico decorativo, Embellecedor de pl\u00e1stico negro separado, protege los pl\u00e1sticos y tiene un aspecto impresionante.<br \/>\nEl 110cc Cuatro Tiempos, Solo Adelante, Refrigerado por Aire. La manera que comienza es comienzo el\u00e9ctrico, bater\u00eda de plomo usada del \u00e1cido 12V 4Ah a comenzar.<br \/>\nLa transmisi\u00f3n del ATV 110cc es de cadena con tensor y protector de cadena.<br \/>\nLa marcha es Autom\u00e1tica,Simple hacia adelante.<\/p>","protected":false},"featured_media":96092,"template":"","meta":{"_sitemap_exclude":false,"_sitemap_priority":"","_sitemap_frequency":""},"product_brand":[],"product_cat":[23],"product_tag":[],"class_list":{"0":"post-96094","1":"product","2":"type-product","3":"status-publish","4":"has-post-thumbnail","6":"product_cat-gasoline-atv","8":"first","9":"instock","10":"shipping-taxable","11":"product-type-simple"},"_links":{"self":[{"href":"https:\/\/www.lianmeigroup.com\/es\/wp-json\/wp\/v2\/product\/96094","targetHints":{"allow":["GET"]}}],"collection":[{"href":"https:\/\/www.lianmeigroup.com\/es\/wp-json\/wp\/v2\/product"}],"about":[{"href":"https:\/\/www.lianmeigroup.com\/es\/wp-json\/wp\/v2\/types\/product"}],"wp:featuredmedia":[{"embeddable":true,"href":"https:\/\/www.lianmeigroup.com\/es\/wp-json\/wp\/v2\/media\/96092"}],"wp:attachment":[{"href":"https:\/\/www.lianmeigroup.com\/es\/wp-json\/wp\/v2\/media?parent=96094"}],"wp:term":[{"taxonomy":"product_brand","embeddable":true,"href":"https:\/\/www.lianmeigroup.com\/es\/wp-json\/wp\/v2\/product_brand?post=96094"},{"taxonomy":"product_cat","embeddable":true,"href":"https:\/\/www.lianmeigroup.com\/es\/wp-json\/wp\/v2\/product_cat?post=96094"},{"taxonomy":"product_tag","embeddable":true,"href":"https:\/\/www.lianmeigroup.com\/es\/wp-json\/wp\/v2\/product_tag?post=96094"}],"curies":[{"name":"wp","href":"https:\/\/api.w.org\/{rel}","templated":true}]}}