{"id":90703,"date":"2024-02-23T06:14:31","date_gmt":"2024-02-23T06:14:31","guid":{"rendered":"https:\/\/www.lianmeigroup.com\/?post_type=product&#038;p=90703"},"modified":"2025-09-01T07:27:27","modified_gmt":"2025-09-01T07:27:27","slug":"lmatv-200hm","status":"publish","type":"product","link":"https:\/\/www.lianmeigroup.com\/es\/product\/lmatv-200hm","title":{"rendered":"LMATV-200HM Quad ATV Cuatro Tiempos 180cc"},"content":{"rendered":"","protected":false},"excerpt":{"rendered":"<p>El 180cc ATV de cuatro tiempos, monocil\u00edndrico, motor de gasolina refrigerado por aire con un frente y un estante de acero trasero, el tama\u00f1o normal de la rueda es de 10 pulgadas, su adecuado para las playas, hierba, caminos de monta\u00f1a, lugares tur\u00edsticos y otros caminos complejos. 183*110*110cm es la longitud, anchura y altura de este ATV de 180cc, este gran modelo de ATV es apto para mayores de 18 a\u00f1os.<br \/>\nLa transmisi\u00f3n del ATV 180cc es Autom\u00e1tica, Single Forward. Debido a que es un modelo grande de ATV, la carga m\u00e1xima puede ser de 120kgs y la velocidad m\u00e1xima puede ser de 70km\/h. El ATV de 180cc de cuatro tiempos, puede atraer mucha atenci\u00f3n y puede hacerte una persona cool.<\/p>","protected":false},"featured_media":96278,"template":"","meta":{"_sitemap_exclude":false,"_sitemap_priority":"","_sitemap_frequency":""},"product_brand":[],"product_cat":[23],"product_tag":[],"class_list":{"0":"post-90703","1":"product","2":"type-product","3":"status-publish","4":"has-post-thumbnail","6":"product_cat-gasoline-atv","8":"first","9":"instock","10":"shipping-taxable","11":"product-type-simple"},"_links":{"self":[{"href":"https:\/\/www.lianmeigroup.com\/es\/wp-json\/wp\/v2\/product\/90703","targetHints":{"allow":["GET"]}}],"collection":[{"href":"https:\/\/www.lianmeigroup.com\/es\/wp-json\/wp\/v2\/product"}],"about":[{"href":"https:\/\/www.lianmeigroup.com\/es\/wp-json\/wp\/v2\/types\/product"}],"wp:featuredmedia":[{"embeddable":true,"href":"https:\/\/www.lianmeigroup.com\/es\/wp-json\/wp\/v2\/media\/96278"}],"wp:attachment":[{"href":"https:\/\/www.lianmeigroup.com\/es\/wp-json\/wp\/v2\/media?parent=90703"}],"wp:term":[{"taxonomy":"product_brand","embeddable":true,"href":"https:\/\/www.lianmeigroup.com\/es\/wp-json\/wp\/v2\/product_brand?post=90703"},{"taxonomy":"product_cat","embeddable":true,"href":"https:\/\/www.lianmeigroup.com\/es\/wp-json\/wp\/v2\/product_cat?post=90703"},{"taxonomy":"product_tag","embeddable":true,"href":"https:\/\/www.lianmeigroup.com\/es\/wp-json\/wp\/v2\/product_tag?post=90703"}],"curies":[{"name":"wp","href":"https:\/\/api.w.org\/{rel}","templated":true}]}}