{"id":89478,"date":"2023-12-06T02:01:24","date_gmt":"2023-12-06T02:01:24","guid":{"rendered":"https:\/\/www.lianmeigroup.com\/?post_type=product&#038;p=89478"},"modified":"2025-09-01T07:30:16","modified_gmt":"2025-09-01T07:30:16","slug":"lme-500h","status":"publish","type":"product","link":"https:\/\/www.lianmeigroup.com\/es\/product\/lme-500h","title":{"rendered":"Moto todoterreno el\u00e9ctrica LME-500H"},"content":{"rendered":"","protected":false},"excerpt":{"rendered":"<p>Las mini bicicletas de cross el\u00e9ctricas de dos ruedas LIANMEI son una excelente manera de que los ni\u00f1os se diviertan y desarrollen sus habilidades motoras y su confianza. Esta bicicleta de cross de 36V 12Ah tiene tracci\u00f3n trasera, motor de buje sin escobillas de 500W y alto par motor, para ni\u00f1os mayores de 13 a\u00f1os. Y su velocidad m\u00e1xima puede alcanzar los 28km\/h. Ofrecen una experiencia emocionante y excitante que a los ni\u00f1os les encantar\u00e1, a la vez que son seguras y respetuosas con el medio ambiente.<\/p>","protected":false},"featured_media":89140,"template":"","meta":{"_sitemap_exclude":false,"_sitemap_priority":"","_sitemap_frequency":""},"product_brand":[],"product_cat":[33],"product_tag":[],"class_list":{"0":"post-89478","1":"product","2":"type-product","3":"status-publish","4":"has-post-thumbnail","6":"product_cat-electric-dirt-bike","8":"first","9":"instock","10":"shipping-taxable","11":"product-type-simple"},"_links":{"self":[{"href":"https:\/\/www.lianmeigroup.com\/es\/wp-json\/wp\/v2\/product\/89478","targetHints":{"allow":["GET"]}}],"collection":[{"href":"https:\/\/www.lianmeigroup.com\/es\/wp-json\/wp\/v2\/product"}],"about":[{"href":"https:\/\/www.lianmeigroup.com\/es\/wp-json\/wp\/v2\/types\/product"}],"wp:featuredmedia":[{"embeddable":true,"href":"https:\/\/www.lianmeigroup.com\/es\/wp-json\/wp\/v2\/media\/89140"}],"wp:attachment":[{"href":"https:\/\/www.lianmeigroup.com\/es\/wp-json\/wp\/v2\/media?parent=89478"}],"wp:term":[{"taxonomy":"product_brand","embeddable":true,"href":"https:\/\/www.lianmeigroup.com\/es\/wp-json\/wp\/v2\/product_brand?post=89478"},{"taxonomy":"product_cat","embeddable":true,"href":"https:\/\/www.lianmeigroup.com\/es\/wp-json\/wp\/v2\/product_cat?post=89478"},{"taxonomy":"product_tag","embeddable":true,"href":"https:\/\/www.lianmeigroup.com\/es\/wp-json\/wp\/v2\/product_tag?post=89478"}],"curies":[{"name":"wp","href":"https:\/\/api.w.org\/{rel}","templated":true}]}}