{"id":81769,"date":"2023-07-04T01:19:10","date_gmt":"2023-07-04T01:19:10","guid":{"rendered":"https:\/\/www.lianmeigroup.com\/?post_type=product&#038;p=81769"},"modified":"2025-09-01T07:30:31","modified_gmt":"2025-09-01T07:30:31","slug":"lmtdf-64l","status":"publish","type":"product","link":"https:\/\/www.lianmeigroup.com\/es\/product\/lmtdf-64l","title":{"rendered":"LMTDF-64L Estilo martillo"},"content":{"rendered":"","protected":false},"excerpt":{"rendered":"<p>1. E-Powered: elija entre pedalear manualmente o utilizar el motor el\u00e9ctrico para un poco de impulso extra en esta bicicleta de monta\u00f1a el\u00e9ctrica de neum\u00e1ticos gordos.<\/p>\n<p>2.Neum\u00e1ticos Fat: Los neum\u00e1ticos de gran volumen de 4 pulgadas montados en llantas de 26 pulgadas permiten a los ciclistas m\u00e1s j\u00f3venes experimentar la m\u00e1xima tracci\u00f3n y la suave conducci\u00f3n de una aut\u00e9ntica fat bike para adultos.<\/p>\n<p>3.10 velocidades: cambia entre 10 velocidades para ayudarte a conquistar una gran variedad de terrenos en esta bicicleta el\u00e9ctrica de monta\u00f1a con cuadro de aluminio de la serie 6061 duradero y construido para durar.<\/p>","protected":false},"featured_media":81803,"template":"","meta":{"_sitemap_exclude":false,"_sitemap_priority":"","_sitemap_frequency":""},"product_brand":[],"product_cat":[37,36],"product_tag":[],"class_list":{"0":"post-81769","1":"product","2":"type-product","3":"status-publish","4":"has-post-thumbnail","6":"product_cat-fat-e-bike","7":"product_cat-mid-drive-e-bike","9":"first","10":"instock","11":"shipping-taxable","12":"product-type-simple"},"_links":{"self":[{"href":"https:\/\/www.lianmeigroup.com\/es\/wp-json\/wp\/v2\/product\/81769","targetHints":{"allow":["GET"]}}],"collection":[{"href":"https:\/\/www.lianmeigroup.com\/es\/wp-json\/wp\/v2\/product"}],"about":[{"href":"https:\/\/www.lianmeigroup.com\/es\/wp-json\/wp\/v2\/types\/product"}],"wp:featuredmedia":[{"embeddable":true,"href":"https:\/\/www.lianmeigroup.com\/es\/wp-json\/wp\/v2\/media\/81803"}],"wp:attachment":[{"href":"https:\/\/www.lianmeigroup.com\/es\/wp-json\/wp\/v2\/media?parent=81769"}],"wp:term":[{"taxonomy":"product_brand","embeddable":true,"href":"https:\/\/www.lianmeigroup.com\/es\/wp-json\/wp\/v2\/product_brand?post=81769"},{"taxonomy":"product_cat","embeddable":true,"href":"https:\/\/www.lianmeigroup.com\/es\/wp-json\/wp\/v2\/product_cat?post=81769"},{"taxonomy":"product_tag","embeddable":true,"href":"https:\/\/www.lianmeigroup.com\/es\/wp-json\/wp\/v2\/product_tag?post=81769"}],"curies":[{"name":"wp","href":"https:\/\/api.w.org\/{rel}","templated":true}]}}