{"id":679,"date":"2023-05-30T06:53:38","date_gmt":"2023-05-30T06:53:38","guid":{"rendered":"http:\/\/lianmeigroup.com\/product\/import-placeholder-for-84556.html"},"modified":"2025-09-01T07:31:26","modified_gmt":"2025-09-01T07:31:26","slug":"lmtdf-60l","status":"publish","type":"product","link":"https:\/\/www.lianmeigroup.com\/es\/product\/lmtdf-60l","title":{"rendered":"LMTDF-60L 48V 500W E-Bike"},"content":{"rendered":"","protected":false},"excerpt":{"rendered":"<p>En comparaci\u00f3n con la bicicleta el\u00e9ctrica plegable, el marco de nuestra ebike es m\u00e1s fuerte, m\u00e1s estable, con mejor capacidad de carga, mayor vida \u00fatil, menos problemas con el producto y m\u00e1s c\u00f3modo de conducir.<br \/>\nTres modos de conducci\u00f3n: pedaleo normal, pedaleo el\u00e9ctrico asistido a plena potencia, pedaleo h\u00edbrido asistido a potencia.<br \/>\nMotor potente de 350W:Proporciona una aceleraci\u00f3n m\u00e1s r\u00e1pida y una potencia m\u00e1s potente al subir.No se preocupe en los terrenos o ir a la ciudad monta\u00f1osa.<br \/>\nBater\u00eda LG de 36V 10Ah de gran capacidad: Proporciona un mayor kilometraje de viaje, cubriendo una gama de m\u00e1s de 35 kil\u00f3metros por carga completa, seguro y conveniente para llevar a casa oa la oficina para recargar.<\/p>","protected":false},"featured_media":90577,"template":"","meta":{"_sitemap_exclude":false,"_sitemap_priority":"","_sitemap_frequency":""},"product_brand":[],"product_cat":[36],"product_tag":[],"class_list":{"0":"post-679","1":"product","2":"type-product","3":"status-publish","4":"has-post-thumbnail","6":"product_cat-mid-drive-e-bike","8":"first","9":"instock","10":"shipping-taxable","11":"product-type-simple"},"_links":{"self":[{"href":"https:\/\/www.lianmeigroup.com\/es\/wp-json\/wp\/v2\/product\/679","targetHints":{"allow":["GET"]}}],"collection":[{"href":"https:\/\/www.lianmeigroup.com\/es\/wp-json\/wp\/v2\/product"}],"about":[{"href":"https:\/\/www.lianmeigroup.com\/es\/wp-json\/wp\/v2\/types\/product"}],"wp:featuredmedia":[{"embeddable":true,"href":"https:\/\/www.lianmeigroup.com\/es\/wp-json\/wp\/v2\/media\/90577"}],"wp:attachment":[{"href":"https:\/\/www.lianmeigroup.com\/es\/wp-json\/wp\/v2\/media?parent=679"}],"wp:term":[{"taxonomy":"product_brand","embeddable":true,"href":"https:\/\/www.lianmeigroup.com\/es\/wp-json\/wp\/v2\/product_brand?post=679"},{"taxonomy":"product_cat","embeddable":true,"href":"https:\/\/www.lianmeigroup.com\/es\/wp-json\/wp\/v2\/product_cat?post=679"},{"taxonomy":"product_tag","embeddable":true,"href":"https:\/\/www.lianmeigroup.com\/es\/wp-json\/wp\/v2\/product_tag?post=679"}],"curies":[{"name":"wp","href":"https:\/\/api.w.org\/{rel}","templated":true}]}}