{"id":671,"date":"2023-05-30T06:53:38","date_gmt":"2023-05-30T06:53:38","guid":{"rendered":"http:\/\/lianmeigroup.com\/product\/import-placeholder-for-80890.html"},"modified":"2025-09-01T07:31:11","modified_gmt":"2025-09-01T07:31:11","slug":"lmdb-150","status":"publish","type":"product","link":"https:\/\/www.lianmeigroup.com\/es\/product\/lmdb-150","title":{"rendered":"LMDB-150 Dirt Bike 150cc de cuatro tiempos"},"content":{"rendered":"","protected":false},"excerpt":{"rendered":"<p>Las Dirt Bike son veh\u00edculos estimulantes m\u00e1s ligeros que las motocicletas y est\u00e1n dise\u00f1adas para circular por terrenos todoterreno. A pesar de su peque\u00f1o tama\u00f1o, est\u00e1n equipadas con potentes motores, dep\u00f3sitos de gasolina y sistemas de suspensi\u00f3n \u00fanicos que ayudan a los pilotos a volar c\u00f3modamente por senderos y colinas.<br \/>\nGracias a su impresionante maniobrabilidad y paso por curva, las motos de cross de 150 cc proporcionan un subid\u00f3n de adrenalina inigualable.<\/p>","protected":false},"featured_media":93898,"template":"","meta":{"_sitemap_exclude":false,"_sitemap_priority":"","_sitemap_frequency":""},"product_brand":[],"product_cat":[32],"product_tag":[],"class_list":{"0":"post-671","1":"product","2":"type-product","3":"status-publish","4":"has-post-thumbnail","6":"product_cat-gasoline-dirt-bike","8":"first","9":"instock","10":"shipping-taxable","11":"product-type-simple"},"_links":{"self":[{"href":"https:\/\/www.lianmeigroup.com\/es\/wp-json\/wp\/v2\/product\/671","targetHints":{"allow":["GET"]}}],"collection":[{"href":"https:\/\/www.lianmeigroup.com\/es\/wp-json\/wp\/v2\/product"}],"about":[{"href":"https:\/\/www.lianmeigroup.com\/es\/wp-json\/wp\/v2\/types\/product"}],"wp:featuredmedia":[{"embeddable":true,"href":"https:\/\/www.lianmeigroup.com\/es\/wp-json\/wp\/v2\/media\/93898"}],"wp:attachment":[{"href":"https:\/\/www.lianmeigroup.com\/es\/wp-json\/wp\/v2\/media?parent=671"}],"wp:term":[{"taxonomy":"product_brand","embeddable":true,"href":"https:\/\/www.lianmeigroup.com\/es\/wp-json\/wp\/v2\/product_brand?post=671"},{"taxonomy":"product_cat","embeddable":true,"href":"https:\/\/www.lianmeigroup.com\/es\/wp-json\/wp\/v2\/product_cat?post=671"},{"taxonomy":"product_tag","embeddable":true,"href":"https:\/\/www.lianmeigroup.com\/es\/wp-json\/wp\/v2\/product_tag?post=671"}],"curies":[{"name":"wp","href":"https:\/\/api.w.org\/{rel}","templated":true}]}}