{"id":665,"date":"2023-05-30T06:53:38","date_gmt":"2023-05-30T06:53:38","guid":{"rendered":"http:\/\/lianmeigroup.com\/product\/import-placeholder-for-80838.html"},"modified":"2025-09-01T07:24:11","modified_gmt":"2025-09-01T07:24:11","slug":"lmatv-250hm","status":"publish","type":"product","link":"https:\/\/www.lianmeigroup.com\/es\/product\/lmatv-250hm","title":{"rendered":"LMATV-250HM Quad ATV 250cc Cuatro Tiempos"},"content":{"rendered":"","protected":false},"excerpt":{"rendered":"<p>El 250cc ATV de cuatro tiempos, monocil\u00edndrico, motor de gasolina refrigerado por aire con un frente y un estante de acero trasero, el tama\u00f1o normal de la rueda es de 8 pulgadas, su adecuado para las playas, hierba, caminos de monta\u00f1a, lugares tur\u00edsticos y otros caminos complejos. 178*97*95 cm es la longitud, anchura y altura de este ATV de 250cc, este gran modelo de ATV es apto para mayores de 18 a\u00f1os.<br \/>\nLa transmisi\u00f3n del ATV 250cc es semi-auto, 1+2+3+4+5+N+R. Debido a que es un modelo grande de ATV, la carga m\u00e1xima puede ser de 150kgs y la velocidad m\u00e1xima puede ser de 60km\/h. El ATV 250cc de cuatro tiempos, puede atraer mucha atenci\u00f3n y puede hacerte una persona cool.<\/p>","protected":false},"featured_media":722,"template":"","meta":{"_sitemap_exclude":false,"_sitemap_priority":"","_sitemap_frequency":""},"product_brand":[],"product_cat":[23],"product_tag":[],"class_list":{"0":"post-665","1":"product","2":"type-product","3":"status-publish","4":"has-post-thumbnail","6":"product_cat-gasoline-atv","8":"first","9":"instock","10":"shipping-taxable","11":"product-type-simple"},"_links":{"self":[{"href":"https:\/\/www.lianmeigroup.com\/es\/wp-json\/wp\/v2\/product\/665","targetHints":{"allow":["GET"]}}],"collection":[{"href":"https:\/\/www.lianmeigroup.com\/es\/wp-json\/wp\/v2\/product"}],"about":[{"href":"https:\/\/www.lianmeigroup.com\/es\/wp-json\/wp\/v2\/types\/product"}],"wp:featuredmedia":[{"embeddable":true,"href":"https:\/\/www.lianmeigroup.com\/es\/wp-json\/wp\/v2\/media\/722"}],"wp:attachment":[{"href":"https:\/\/www.lianmeigroup.com\/es\/wp-json\/wp\/v2\/media?parent=665"}],"wp:term":[{"taxonomy":"product_brand","embeddable":true,"href":"https:\/\/www.lianmeigroup.com\/es\/wp-json\/wp\/v2\/product_brand?post=665"},{"taxonomy":"product_cat","embeddable":true,"href":"https:\/\/www.lianmeigroup.com\/es\/wp-json\/wp\/v2\/product_cat?post=665"},{"taxonomy":"product_tag","embeddable":true,"href":"https:\/\/www.lianmeigroup.com\/es\/wp-json\/wp\/v2\/product_tag?post=665"}],"curies":[{"name":"wp","href":"https:\/\/api.w.org\/{rel}","templated":true}]}}