{"id":521,"date":"2023-05-30T06:53:16","date_gmt":"2023-05-30T06:53:16","guid":{"rendered":"http:\/\/lianmeigroup.com\/product\/import-placeholder-for-80703.html"},"modified":"2025-09-01T07:24:53","modified_gmt":"2025-09-01T07:24:53","slug":"lmatv-110b","status":"publish","type":"product","link":"https:\/\/www.lianmeigroup.com\/es\/product\/lmatv-110b","title":{"rendered":"LMATV-110B 110cc Cuatro Ruedas Cuatro Tiempos"},"content":{"rendered":"","protected":false},"excerpt":{"rendered":"<p class=\"pdshow-r-text\" style=\"text-align: start;\">La 110cc Cuatro Tiempos, Monocil\u00edndrica, Refrigerada por Aire. El modo de arranque es el\u00e9ctrico, utiliza una bater\u00eda de plomo \u00e1cido de 12V 4Ah para arrancar. La impulsi\u00f3n de 110cc ATV es cadena con la tensi\u00f3n y el protector de cadena.<\/p>","protected":false},"featured_media":93166,"template":"","meta":{"_sitemap_exclude":false,"_sitemap_priority":"","_sitemap_frequency":""},"product_brand":[],"product_cat":[23],"product_tag":[],"class_list":{"0":"post-521","1":"product","2":"type-product","3":"status-publish","4":"has-post-thumbnail","6":"product_cat-gasoline-atv","8":"first","9":"instock","10":"shipping-taxable","11":"product-type-simple"},"_links":{"self":[{"href":"https:\/\/www.lianmeigroup.com\/es\/wp-json\/wp\/v2\/product\/521","targetHints":{"allow":["GET"]}}],"collection":[{"href":"https:\/\/www.lianmeigroup.com\/es\/wp-json\/wp\/v2\/product"}],"about":[{"href":"https:\/\/www.lianmeigroup.com\/es\/wp-json\/wp\/v2\/types\/product"}],"wp:featuredmedia":[{"embeddable":true,"href":"https:\/\/www.lianmeigroup.com\/es\/wp-json\/wp\/v2\/media\/93166"}],"wp:attachment":[{"href":"https:\/\/www.lianmeigroup.com\/es\/wp-json\/wp\/v2\/media?parent=521"}],"wp:term":[{"taxonomy":"product_brand","embeddable":true,"href":"https:\/\/www.lianmeigroup.com\/es\/wp-json\/wp\/v2\/product_brand?post=521"},{"taxonomy":"product_cat","embeddable":true,"href":"https:\/\/www.lianmeigroup.com\/es\/wp-json\/wp\/v2\/product_cat?post=521"},{"taxonomy":"product_tag","embeddable":true,"href":"https:\/\/www.lianmeigroup.com\/es\/wp-json\/wp\/v2\/product_tag?post=521"}],"curies":[{"name":"wp","href":"https:\/\/api.w.org\/{rel}","templated":true}]}}