{"id":345,"date":"2023-05-30T06:53:05","date_gmt":"2023-05-30T06:53:05","guid":{"rendered":"http:\/\/lianmeigroup.com\/product\/import-placeholder-for-80503.html"},"modified":"2025-09-01T07:31:42","modified_gmt":"2025-09-01T07:31:42","slug":"lme-bb1-12","status":"publish","type":"product","link":"https:\/\/www.lianmeigroup.com\/es\/product\/lme-bb1-12","title":{"rendered":"LME-BB1-12 Bicicleta de equilibrio infantil de 3-10 a\u00f1os y 12 pulgadas"},"content":{"rendered":"","protected":false},"excerpt":{"rendered":"<p>1. Ligero, bastidor f\u00e1cil de montar, con reposapi\u00e9s incorporado.<br \/>\n2. Frenado f\u00e1cil y preciso: Palanca de freno Stop Easy dise\u00f1ada para ni\u00f1os; Frenos traseros.<br \/>\n3. Neum\u00e1ticos de 12\u2033 con c\u00e1mara de aire para una gran amortiguaci\u00f3n y agarre en cualquier terreno.<br \/>\n4. Cuadro, manillar y tija de sill\u00edn de aluminio para el menor peso en talla 12\u2033.<br \/>\n5. Ajuste r\u00e1pido de la altura del sill\u00edn (cierre r\u00e1pido). 6. V\u00e1lvula de c\u00e1mara de aire acodada.<\/p>","protected":false},"featured_media":457,"template":"","meta":{"_sitemap_exclude":false,"_sitemap_priority":"","_sitemap_frequency":""},"product_brand":[],"product_cat":[26],"product_tag":[],"class_list":{"0":"post-345","1":"product","2":"type-product","3":"status-publish","4":"has-post-thumbnail","6":"product_cat-electric-balance-bike","8":"first","9":"instock","10":"shipping-taxable","11":"product-type-simple"},"_links":{"self":[{"href":"https:\/\/www.lianmeigroup.com\/es\/wp-json\/wp\/v2\/product\/345","targetHints":{"allow":["GET"]}}],"collection":[{"href":"https:\/\/www.lianmeigroup.com\/es\/wp-json\/wp\/v2\/product"}],"about":[{"href":"https:\/\/www.lianmeigroup.com\/es\/wp-json\/wp\/v2\/types\/product"}],"wp:featuredmedia":[{"embeddable":true,"href":"https:\/\/www.lianmeigroup.com\/es\/wp-json\/wp\/v2\/media\/457"}],"wp:attachment":[{"href":"https:\/\/www.lianmeigroup.com\/es\/wp-json\/wp\/v2\/media?parent=345"}],"wp:term":[{"taxonomy":"product_brand","embeddable":true,"href":"https:\/\/www.lianmeigroup.com\/es\/wp-json\/wp\/v2\/product_brand?post=345"},{"taxonomy":"product_cat","embeddable":true,"href":"https:\/\/www.lianmeigroup.com\/es\/wp-json\/wp\/v2\/product_cat?post=345"},{"taxonomy":"product_tag","embeddable":true,"href":"https:\/\/www.lianmeigroup.com\/es\/wp-json\/wp\/v2\/product_tag?post=345"}],"curies":[{"name":"wp","href":"https:\/\/api.w.org\/{rel}","templated":true}]}}