{"id":334,"date":"2023-05-30T06:53:05","date_gmt":"2023-05-30T06:53:05","guid":{"rendered":"http:\/\/lianmeigroup.com\/product\/import-placeholder-for-80423.html"},"modified":"2025-09-01T07:31:32","modified_gmt":"2025-09-01T07:31:32","slug":"lmtdr-03m","status":"publish","type":"product","link":"https:\/\/www.lianmeigroup.com\/es\/product\/lmtdr-03m","title":{"rendered":"LMTDR-03M Bicicleta el\u00e9ctrica plegable de 20 pulgadas"},"content":{"rendered":"","protected":false},"excerpt":{"rendered":"<p>Bater\u00eda: bater\u00eda de litio de 48 V y 15 Ah<\/p>\n<p>Motor: 48V 500W sin escobillas<\/p>\n<p>Pantalla: LCD 5 niveles<\/p>\n<p>Neum\u00e1tico: 20 pulgadas<\/p>\n<p>Velocidad m\u00e1xima: 32 km\/h<\/p>","protected":false},"featured_media":412,"template":"","meta":{"_sitemap_exclude":false,"_sitemap_priority":"","_sitemap_frequency":""},"product_brand":[],"product_cat":[35],"product_tag":[],"class_list":{"0":"post-334","1":"product","2":"type-product","3":"status-publish","4":"has-post-thumbnail","6":"product_cat-mini-e-bike","8":"first","9":"instock","10":"shipping-taxable","11":"product-type-simple"},"_links":{"self":[{"href":"https:\/\/www.lianmeigroup.com\/es\/wp-json\/wp\/v2\/product\/334","targetHints":{"allow":["GET"]}}],"collection":[{"href":"https:\/\/www.lianmeigroup.com\/es\/wp-json\/wp\/v2\/product"}],"about":[{"href":"https:\/\/www.lianmeigroup.com\/es\/wp-json\/wp\/v2\/types\/product"}],"wp:featuredmedia":[{"embeddable":true,"href":"https:\/\/www.lianmeigroup.com\/es\/wp-json\/wp\/v2\/media\/412"}],"wp:attachment":[{"href":"https:\/\/www.lianmeigroup.com\/es\/wp-json\/wp\/v2\/media?parent=334"}],"wp:term":[{"taxonomy":"product_brand","embeddable":true,"href":"https:\/\/www.lianmeigroup.com\/es\/wp-json\/wp\/v2\/product_brand?post=334"},{"taxonomy":"product_cat","embeddable":true,"href":"https:\/\/www.lianmeigroup.com\/es\/wp-json\/wp\/v2\/product_cat?post=334"},{"taxonomy":"product_tag","embeddable":true,"href":"https:\/\/www.lianmeigroup.com\/es\/wp-json\/wp\/v2\/product_tag?post=334"}],"curies":[{"name":"wp","href":"https:\/\/api.w.org\/{rel}","templated":true}]}}