{"id":132,"date":"2023-05-30T06:52:54","date_gmt":"2023-05-30T06:52:54","guid":{"rendered":"http:\/\/lianmeigroup.com\/product\/import-placeholder-for-80126.html"},"modified":"2025-09-01T07:25:09","modified_gmt":"2025-09-01T07:25:09","slug":"lmeatv-500b","status":"publish","type":"product","link":"https:\/\/www.lianmeigroup.com\/es\/product\/lmeatv-500b","title":{"rendered":"LMEATV-500B ATV con transmisi\u00f3n por eje de 500 W"},"content":{"rendered":"","protected":false},"excerpt":{"rendered":"<p class=\"pdshow-r-text\">Veh\u00edculo Todo Terreno El\u00e9ctrico, como sabemos que fue impulsado por motor el\u00e9ctrico y la bater\u00eda, que era con la bater\u00eda de gran tama\u00f1o, 48V12Ah. Y el tama\u00f1o de la rueda es m\u00e1s grande que el ATV normal de 500W.<\/p>","protected":false},"featured_media":93070,"template":"","meta":{"_sitemap_exclude":false,"_sitemap_priority":"","_sitemap_frequency":""},"product_brand":[],"product_cat":[22],"product_tag":[],"class_list":{"0":"post-132","1":"product","2":"type-product","3":"status-publish","4":"has-post-thumbnail","6":"product_cat-electric-atv","8":"first","9":"instock","10":"shipping-taxable","11":"product-type-simple"},"_links":{"self":[{"href":"https:\/\/www.lianmeigroup.com\/es\/wp-json\/wp\/v2\/product\/132","targetHints":{"allow":["GET"]}}],"collection":[{"href":"https:\/\/www.lianmeigroup.com\/es\/wp-json\/wp\/v2\/product"}],"about":[{"href":"https:\/\/www.lianmeigroup.com\/es\/wp-json\/wp\/v2\/types\/product"}],"wp:featuredmedia":[{"embeddable":true,"href":"https:\/\/www.lianmeigroup.com\/es\/wp-json\/wp\/v2\/media\/93070"}],"wp:attachment":[{"href":"https:\/\/www.lianmeigroup.com\/es\/wp-json\/wp\/v2\/media?parent=132"}],"wp:term":[{"taxonomy":"product_brand","embeddable":true,"href":"https:\/\/www.lianmeigroup.com\/es\/wp-json\/wp\/v2\/product_brand?post=132"},{"taxonomy":"product_cat","embeddable":true,"href":"https:\/\/www.lianmeigroup.com\/es\/wp-json\/wp\/v2\/product_cat?post=132"},{"taxonomy":"product_tag","embeddable":true,"href":"https:\/\/www.lianmeigroup.com\/es\/wp-json\/wp\/v2\/product_tag?post=132"}],"curies":[{"name":"wp","href":"https:\/\/api.w.org\/{rel}","templated":true}]}}