{"id":96094,"date":"2025-06-16T09:22:25","date_gmt":"2025-06-16T09:22:25","guid":{"rendered":"https:\/\/www.lianmeigroup.com\/?post_type=product&#038;p=96094"},"modified":"2025-09-01T07:21:09","modified_gmt":"2025-09-01T07:21:09","slug":"lmatv-110zy","status":"publish","type":"product","link":"https:\/\/www.lianmeigroup.com\/de\/product\/lmatv-110zy","title":{"rendered":"LMATV-110ZY 110cc Vier-Takt-ATV"},"content":{"rendered":"","protected":false},"excerpt":{"rendered":"<p>Der Gep\u00e4cktr\u00e4ger befindet sich an der Vorder- und R\u00fcckseite des ATVs. Dies ist ein fantastisches Upgrade f\u00fcr die Durchf\u00fchrung alles ben\u00f6tigt.<br \/>\nDekorative Kunststoffverkleidung, separate schwarze Kunststoffverkleidung, sch\u00fctzt die Kunststoffe und sieht fantastisch aus.<br \/>\nDer 110cc Vier-Takt, Single Forward, luftgek\u00fchlt. Die Startmethode ist der elektrische Start, verwendet 12V 4Ah Blei-S\u00e4ure-Batterie zu starten.<br \/>\nDer 110cc ATV-Antrieb ist ein Kettenantrieb mit Kettenspannung und -schutz.<br \/>\nDer Gang ist automatisch, einfach vorw\u00e4rts.<\/p>","protected":false},"featured_media":96092,"template":"","meta":{"_sitemap_exclude":false,"_sitemap_priority":"","_sitemap_frequency":""},"product_brand":[],"product_cat":[23],"product_tag":[],"class_list":{"0":"post-96094","1":"product","2":"type-product","3":"status-publish","4":"has-post-thumbnail","6":"product_cat-gasoline-atv","8":"first","9":"instock","10":"shipping-taxable","11":"product-type-simple"},"_links":{"self":[{"href":"https:\/\/www.lianmeigroup.com\/de\/wp-json\/wp\/v2\/product\/96094","targetHints":{"allow":["GET"]}}],"collection":[{"href":"https:\/\/www.lianmeigroup.com\/de\/wp-json\/wp\/v2\/product"}],"about":[{"href":"https:\/\/www.lianmeigroup.com\/de\/wp-json\/wp\/v2\/types\/product"}],"wp:featuredmedia":[{"embeddable":true,"href":"https:\/\/www.lianmeigroup.com\/de\/wp-json\/wp\/v2\/media\/96092"}],"wp:attachment":[{"href":"https:\/\/www.lianmeigroup.com\/de\/wp-json\/wp\/v2\/media?parent=96094"}],"wp:term":[{"taxonomy":"product_brand","embeddable":true,"href":"https:\/\/www.lianmeigroup.com\/de\/wp-json\/wp\/v2\/product_brand?post=96094"},{"taxonomy":"product_cat","embeddable":true,"href":"https:\/\/www.lianmeigroup.com\/de\/wp-json\/wp\/v2\/product_cat?post=96094"},{"taxonomy":"product_tag","embeddable":true,"href":"https:\/\/www.lianmeigroup.com\/de\/wp-json\/wp\/v2\/product_tag?post=96094"}],"curies":[{"name":"wp","href":"https:\/\/api.w.org\/{rel}","templated":true}]}}