{"id":95117,"date":"2025-02-26T02:46:38","date_gmt":"2025-02-26T02:46:38","guid":{"rendered":"https:\/\/www.lianmeigroup.com\/?post_type=product&#038;p=95117"},"modified":"2025-09-01T07:23:12","modified_gmt":"2025-09-01T07:23:12","slug":"lmatv-200v","status":"publish","type":"product","link":"https:\/\/www.lianmeigroup.com\/de\/product\/lmatv-200v","title":{"rendered":"LMATV-200V Viertakt 180cc ATV Quad"},"content":{"rendered":"","protected":false},"excerpt":{"rendered":"<p>Die 180cc Vier-Takt-ATV, Einzylinder, luftgek\u00fchlten Benzinmotor mit einem vorderen und hinteren Stahlgestell, das Rad normale Gr\u00f6\u00dfe ist 10 Zoll, seine geeignet f\u00fcr Str\u00e4nde, Gras, Bergstra\u00dfen, touristische Sehensw\u00fcrdigkeiten und andere komplexe roads.186 * 108 * 105cm ist diese 180cc ATV L\u00e4nge, Breite und H\u00f6he, diese gro\u00dfe ATV-Modell ist f\u00fcr mehr als 18 Jahre alt.<br \/>\nDas 180cc ATV-Getriebe ist automatisch, Single Forward. Weil es ein gro\u00dfes ATV-Modell ist, kann die maximale Belastung 120kgs die maximale Geschwindigkeit kann 70km\/h sein. Die 180cc Viertakt ATV, kann es eine Menge Aufmerksamkeit zu gewinnen und k\u00f6nnen Sie eine coole Person zu machen.<\/p>","protected":false},"featured_media":95123,"template":"","meta":{"_sitemap_exclude":false,"_sitemap_priority":"","_sitemap_frequency":""},"product_brand":[],"product_cat":[23],"product_tag":[],"class_list":{"0":"post-95117","1":"product","2":"type-product","3":"status-publish","4":"has-post-thumbnail","6":"product_cat-gasoline-atv","8":"first","9":"instock","10":"shipping-taxable","11":"product-type-simple"},"_links":{"self":[{"href":"https:\/\/www.lianmeigroup.com\/de\/wp-json\/wp\/v2\/product\/95117","targetHints":{"allow":["GET"]}}],"collection":[{"href":"https:\/\/www.lianmeigroup.com\/de\/wp-json\/wp\/v2\/product"}],"about":[{"href":"https:\/\/www.lianmeigroup.com\/de\/wp-json\/wp\/v2\/types\/product"}],"wp:featuredmedia":[{"embeddable":true,"href":"https:\/\/www.lianmeigroup.com\/de\/wp-json\/wp\/v2\/media\/95123"}],"wp:attachment":[{"href":"https:\/\/www.lianmeigroup.com\/de\/wp-json\/wp\/v2\/media?parent=95117"}],"wp:term":[{"taxonomy":"product_brand","embeddable":true,"href":"https:\/\/www.lianmeigroup.com\/de\/wp-json\/wp\/v2\/product_brand?post=95117"},{"taxonomy":"product_cat","embeddable":true,"href":"https:\/\/www.lianmeigroup.com\/de\/wp-json\/wp\/v2\/product_cat?post=95117"},{"taxonomy":"product_tag","embeddable":true,"href":"https:\/\/www.lianmeigroup.com\/de\/wp-json\/wp\/v2\/product_tag?post=95117"}],"curies":[{"name":"wp","href":"https:\/\/api.w.org\/{rel}","templated":true}]}}