{"id":93616,"date":"2024-10-24T00:57:06","date_gmt":"2024-10-24T00:57:06","guid":{"rendered":"https:\/\/www.lianmeigroup.com\/?post_type=product&#038;p=93616"},"modified":"2025-09-01T07:23:37","modified_gmt":"2025-09-01T07:23:37","slug":"lmatv-049v","status":"publish","type":"product","link":"https:\/\/www.lianmeigroup.com\/de\/product\/lmatv-049v","title":{"rendered":"LMATV-049V Zweitakt 49cc Mini Quad"},"content":{"rendered":"","protected":false},"excerpt":{"rendered":"<p class=\"pdshow-r-text\">Wie Sie auf dem Bild sehen k\u00f6nnen, ist dieses 49cc ATV Mini Quad schwarze Kunststoffabdeckung mit bunten Aufkleber, mit einem vorderen und einem hinteren Regal, geeignet f\u00fcr Str\u00e4nde, Gras, Bergstra\u00dfen, touristischen Sehensw\u00fcrdigkeiten und anderen komplexen Stra\u00dfen.<\/p>","protected":false},"featured_media":93622,"template":"","meta":{"_sitemap_exclude":false,"_sitemap_priority":"","_sitemap_frequency":""},"product_brand":[],"product_cat":[23],"product_tag":[],"class_list":{"0":"post-93616","1":"product","2":"type-product","3":"status-publish","4":"has-post-thumbnail","6":"product_cat-gasoline-atv","8":"first","9":"instock","10":"shipping-taxable","11":"product-type-simple"},"_links":{"self":[{"href":"https:\/\/www.lianmeigroup.com\/de\/wp-json\/wp\/v2\/product\/93616","targetHints":{"allow":["GET"]}}],"collection":[{"href":"https:\/\/www.lianmeigroup.com\/de\/wp-json\/wp\/v2\/product"}],"about":[{"href":"https:\/\/www.lianmeigroup.com\/de\/wp-json\/wp\/v2\/types\/product"}],"wp:featuredmedia":[{"embeddable":true,"href":"https:\/\/www.lianmeigroup.com\/de\/wp-json\/wp\/v2\/media\/93622"}],"wp:attachment":[{"href":"https:\/\/www.lianmeigroup.com\/de\/wp-json\/wp\/v2\/media?parent=93616"}],"wp:term":[{"taxonomy":"product_brand","embeddable":true,"href":"https:\/\/www.lianmeigroup.com\/de\/wp-json\/wp\/v2\/product_brand?post=93616"},{"taxonomy":"product_cat","embeddable":true,"href":"https:\/\/www.lianmeigroup.com\/de\/wp-json\/wp\/v2\/product_cat?post=93616"},{"taxonomy":"product_tag","embeddable":true,"href":"https:\/\/www.lianmeigroup.com\/de\/wp-json\/wp\/v2\/product_tag?post=93616"}],"curies":[{"name":"wp","href":"https:\/\/api.w.org\/{rel}","templated":true}]}}