{"id":89480,"date":"2023-12-06T02:40:12","date_gmt":"2023-12-06T02:40:12","guid":{"rendered":"https:\/\/www.lianmeigroup.com\/?post_type=product&#038;p=89480"},"modified":"2025-09-01T07:30:09","modified_gmt":"2025-09-01T07:30:09","slug":"lme-bb3","status":"publish","type":"product","link":"https:\/\/www.lianmeigroup.com\/de\/product\/lme-bb3","title":{"rendered":"LME-BB3 18-Zoll-Balance-Fahrrad"},"content":{"rendered":"","protected":false},"excerpt":{"rendered":"<p>1. Leichter, einfach zu montierender Rahmen mit integrierten Fu\u00dfst\u00fctzen.<br \/>\n2. 5 Geschwindigkeitsstufen, 350W Motor<br \/>\n3. 18\u2033-Reifen mit Schlauch f\u00fcr gute D\u00e4mpfung und Grip auf jedem Terrain.<br \/>\n4. Aluminium-Rahmen, Lenker und Sattelst\u00fctze f\u00fcr das geringste Gewicht in der Gr\u00f6\u00dfe 18\u2033.<br \/>\n5. Schnelle Sattelh\u00f6henverstellung (Schnellspanner). Abgewinkeltes Ventil f\u00fcr den Schlauch.<\/p>","protected":false},"featured_media":96048,"template":"","meta":{"_sitemap_exclude":false,"_sitemap_priority":"","_sitemap_frequency":""},"product_brand":[],"product_cat":[26],"product_tag":[],"class_list":{"0":"post-89480","1":"product","2":"type-product","3":"status-publish","4":"has-post-thumbnail","6":"product_cat-electric-balance-bike","8":"first","9":"instock","10":"shipping-taxable","11":"product-type-simple"},"_links":{"self":[{"href":"https:\/\/www.lianmeigroup.com\/de\/wp-json\/wp\/v2\/product\/89480","targetHints":{"allow":["GET"]}}],"collection":[{"href":"https:\/\/www.lianmeigroup.com\/de\/wp-json\/wp\/v2\/product"}],"about":[{"href":"https:\/\/www.lianmeigroup.com\/de\/wp-json\/wp\/v2\/types\/product"}],"wp:featuredmedia":[{"embeddable":true,"href":"https:\/\/www.lianmeigroup.com\/de\/wp-json\/wp\/v2\/media\/96048"}],"wp:attachment":[{"href":"https:\/\/www.lianmeigroup.com\/de\/wp-json\/wp\/v2\/media?parent=89480"}],"wp:term":[{"taxonomy":"product_brand","embeddable":true,"href":"https:\/\/www.lianmeigroup.com\/de\/wp-json\/wp\/v2\/product_brand?post=89480"},{"taxonomy":"product_cat","embeddable":true,"href":"https:\/\/www.lianmeigroup.com\/de\/wp-json\/wp\/v2\/product_cat?post=89480"},{"taxonomy":"product_tag","embeddable":true,"href":"https:\/\/www.lianmeigroup.com\/de\/wp-json\/wp\/v2\/product_tag?post=89480"}],"curies":[{"name":"wp","href":"https:\/\/api.w.org\/{rel}","templated":true}]}}