{"id":673,"date":"2023-05-30T06:53:38","date_gmt":"2023-05-30T06:53:38","guid":{"rendered":"http:\/\/lianmeigroup.com\/product\/import-placeholder-for-82374.html"},"modified":"2025-09-01T07:30:37","modified_gmt":"2025-09-01T07:30:37","slug":"lmtdr-11l","status":"publish","type":"product","link":"https:\/\/www.lianmeigroup.com\/de\/product\/lmtdr-11l","title":{"rendered":"LMTDR-11L 250W Zoll-Klapprad"},"content":{"rendered":"","protected":false},"excerpt":{"rendered":"<div class=\"elementor-element elementor-element-a7d721e elementor-widget elementor-widget-woocommerce-product-short-description\" data-id=\"a7d721e\" data-element_type=\"widget\" data-settings=\"{&quot;ekit_we_effect_on&quot;:&quot;none&quot;}\" data-widget_type=\"woocommerce-product-short-description.default\">\n<div class=\"elementor-widget-container\">\n<div class=\"woocommerce-product-details__short-description\">\n<p>Ein elektrisches Faltrad macht das Fahren bequemer und macht mit seinem zus\u00e4tzlichen Schub an Leistung Spa\u00df. Erleben Sie die Vorteile eines Elektrofahrrads, das f\u00fcr l\u00e4ngere Fahrten in unterschiedlichem Gel\u00e4nde konzipiert ist.<br \/>\nTreten Sie einfach in die Pedale, um den Energieschub des 36-Volt-Akkus und des 250-Watt-Hinterradnabenmotors zu nutzen. Erleben Sie mehr Spa\u00df beim Fahren eines Elektrofahrrads mit Tretunterst\u00fctzung und halten Sie mit Freunden und Familie Schritt.<br \/>\nDieses Elektro-Mountainbike bringt garantiert \"Wow\" in Ihr n\u00e4chstes Reitabenteuer. Treten Sie einfach in die Pedale - mit dem faltbaren 20-Zoll-Elektrofahrrad Urban erobern Sie Trails und l\u00e4ngere Fahrten!<\/p>\n<\/div>\n<\/div>\n<\/div>","protected":false},"featured_media":769,"template":"","meta":{"_sitemap_exclude":false,"_sitemap_priority":"","_sitemap_frequency":""},"product_brand":[],"product_cat":[35],"product_tag":[],"class_list":{"0":"post-673","1":"product","2":"type-product","3":"status-publish","4":"has-post-thumbnail","6":"product_cat-mini-e-bike","8":"first","9":"instock","10":"shipping-taxable","11":"product-type-simple"},"_links":{"self":[{"href":"https:\/\/www.lianmeigroup.com\/de\/wp-json\/wp\/v2\/product\/673","targetHints":{"allow":["GET"]}}],"collection":[{"href":"https:\/\/www.lianmeigroup.com\/de\/wp-json\/wp\/v2\/product"}],"about":[{"href":"https:\/\/www.lianmeigroup.com\/de\/wp-json\/wp\/v2\/types\/product"}],"wp:featuredmedia":[{"embeddable":true,"href":"https:\/\/www.lianmeigroup.com\/de\/wp-json\/wp\/v2\/media\/769"}],"wp:attachment":[{"href":"https:\/\/www.lianmeigroup.com\/de\/wp-json\/wp\/v2\/media?parent=673"}],"wp:term":[{"taxonomy":"product_brand","embeddable":true,"href":"https:\/\/www.lianmeigroup.com\/de\/wp-json\/wp\/v2\/product_brand?post=673"},{"taxonomy":"product_cat","embeddable":true,"href":"https:\/\/www.lianmeigroup.com\/de\/wp-json\/wp\/v2\/product_cat?post=673"},{"taxonomy":"product_tag","embeddable":true,"href":"https:\/\/www.lianmeigroup.com\/de\/wp-json\/wp\/v2\/product_tag?post=673"}],"curies":[{"name":"wp","href":"https:\/\/api.w.org\/{rel}","templated":true}]}}