{"id":672,"date":"2023-05-30T06:53:38","date_gmt":"2023-05-30T06:53:38","guid":{"rendered":"http:\/\/lianmeigroup.com\/product\/import-placeholder-for-80897.html"},"modified":"2025-09-01T07:31:16","modified_gmt":"2025-09-01T07:31:16","slug":"lmdb-250","status":"publish","type":"product","link":"https:\/\/www.lianmeigroup.com\/de\/product\/lmdb-250","title":{"rendered":"LMDB-250 Viertakt 250ccm Dirt Bike"},"content":{"rendered":"","protected":false},"excerpt":{"rendered":"<p>Dirt Bikes sind aufregende Fahrzeuge, die leichter sind als Motorr\u00e4der und f\u00fcr Fahrten im Gel\u00e4nde konzipiert sind. Trotz ihrer geringen Gr\u00f6\u00dfe sind sie mit leistungsstarken Motoren, Gastanks und einzigartigen Federungssystemen ausgestattet, die den Fahrern helfen, bequem \u00fcber Trails und H\u00fcgel zu fliegen. Dank ihres beeindruckenden Fahrverhaltens und ihrer Kurvenlage bieten 250er Dirtbikes einen unvergleichlichen Adrenalinschub.<\/p>","protected":false},"featured_media":764,"template":"","meta":{"_sitemap_exclude":false,"_sitemap_priority":"","_sitemap_frequency":""},"product_brand":[],"product_cat":[32],"product_tag":[],"class_list":{"0":"post-672","1":"product","2":"type-product","3":"status-publish","4":"has-post-thumbnail","6":"product_cat-gasoline-dirt-bike","8":"first","9":"instock","10":"shipping-taxable","11":"product-type-simple"},"_links":{"self":[{"href":"https:\/\/www.lianmeigroup.com\/de\/wp-json\/wp\/v2\/product\/672","targetHints":{"allow":["GET"]}}],"collection":[{"href":"https:\/\/www.lianmeigroup.com\/de\/wp-json\/wp\/v2\/product"}],"about":[{"href":"https:\/\/www.lianmeigroup.com\/de\/wp-json\/wp\/v2\/types\/product"}],"wp:featuredmedia":[{"embeddable":true,"href":"https:\/\/www.lianmeigroup.com\/de\/wp-json\/wp\/v2\/media\/764"}],"wp:attachment":[{"href":"https:\/\/www.lianmeigroup.com\/de\/wp-json\/wp\/v2\/media?parent=672"}],"wp:term":[{"taxonomy":"product_brand","embeddable":true,"href":"https:\/\/www.lianmeigroup.com\/de\/wp-json\/wp\/v2\/product_brand?post=672"},{"taxonomy":"product_cat","embeddable":true,"href":"https:\/\/www.lianmeigroup.com\/de\/wp-json\/wp\/v2\/product_cat?post=672"},{"taxonomy":"product_tag","embeddable":true,"href":"https:\/\/www.lianmeigroup.com\/de\/wp-json\/wp\/v2\/product_tag?post=672"}],"curies":[{"name":"wp","href":"https:\/\/api.w.org\/{rel}","templated":true}]}}