{"id":665,"date":"2023-05-30T06:53:38","date_gmt":"2023-05-30T06:53:38","guid":{"rendered":"http:\/\/lianmeigroup.com\/product\/import-placeholder-for-80838.html"},"modified":"2025-09-01T07:24:11","modified_gmt":"2025-09-01T07:24:11","slug":"lmatv-250hm","status":"publish","type":"product","link":"https:\/\/www.lianmeigroup.com\/de\/product\/lmatv-250hm","title":{"rendered":"LMATV-250HM Viertakt 250ccm ATV Quad"},"content":{"rendered":"","protected":false},"excerpt":{"rendered":"<p>Der 250cc Viertakt ATV, Einzylinder, luftgek\u00fchlter Benzinmotor mit einem vorderen und einem hinteren Stahlgestell, das Rad normale Gr\u00f6\u00dfe ist 8 Zoll, seine geeignet f\u00fcr Str\u00e4nde, Gras, Bergstra\u00dfen, touristische Sehensw\u00fcrdigkeiten und andere komplexe Stra\u00dfen. 178*97*95 cm ist diese 250cc ATV L\u00e4nge, Breite und H\u00f6he, diese gro\u00dfe ATV-Modell ist f\u00fcr mehr als 18 Jahre alt.<br \/>\nDas 250cc ATV Getriebe ist halbautomatisch, 1+2+3+4+5+N+R Getriebe. Weil es ein gro\u00dfes ATV-Modell ist, kann die maximale Belastung 150kg sein, die maximale Geschwindigkeit kann 60km\/h sein. Die 250cc Viertakt ATV, kann es eine Menge Aufmerksamkeit zu gewinnen und k\u00f6nnen Sie eine coole Person zu machen.<\/p>","protected":false},"featured_media":722,"template":"","meta":{"_sitemap_exclude":false,"_sitemap_priority":"","_sitemap_frequency":""},"product_brand":[],"product_cat":[23],"product_tag":[],"class_list":{"0":"post-665","1":"product","2":"type-product","3":"status-publish","4":"has-post-thumbnail","6":"product_cat-gasoline-atv","8":"first","9":"instock","10":"shipping-taxable","11":"product-type-simple"},"_links":{"self":[{"href":"https:\/\/www.lianmeigroup.com\/de\/wp-json\/wp\/v2\/product\/665","targetHints":{"allow":["GET"]}}],"collection":[{"href":"https:\/\/www.lianmeigroup.com\/de\/wp-json\/wp\/v2\/product"}],"about":[{"href":"https:\/\/www.lianmeigroup.com\/de\/wp-json\/wp\/v2\/types\/product"}],"wp:featuredmedia":[{"embeddable":true,"href":"https:\/\/www.lianmeigroup.com\/de\/wp-json\/wp\/v2\/media\/722"}],"wp:attachment":[{"href":"https:\/\/www.lianmeigroup.com\/de\/wp-json\/wp\/v2\/media?parent=665"}],"wp:term":[{"taxonomy":"product_brand","embeddable":true,"href":"https:\/\/www.lianmeigroup.com\/de\/wp-json\/wp\/v2\/product_brand?post=665"},{"taxonomy":"product_cat","embeddable":true,"href":"https:\/\/www.lianmeigroup.com\/de\/wp-json\/wp\/v2\/product_cat?post=665"},{"taxonomy":"product_tag","embeddable":true,"href":"https:\/\/www.lianmeigroup.com\/de\/wp-json\/wp\/v2\/product_tag?post=665"}],"curies":[{"name":"wp","href":"https:\/\/api.w.org\/{rel}","templated":true}]}}