{"id":346,"date":"2023-05-30T06:53:05","date_gmt":"2023-05-30T06:53:05","guid":{"rendered":"http:\/\/lianmeigroup.com\/product\/import-placeholder-for-80511.html"},"modified":"2025-09-01T07:31:37","modified_gmt":"2025-09-01T07:31:37","slug":"lme-bb1-14","status":"publish","type":"product","link":"https:\/\/www.lianmeigroup.com\/de\/product\/lme-bb1-14","title":{"rendered":"LME-BB1-14 14Zoll Elektro-Balance Kinderfahrrad 24V 100w"},"content":{"rendered":"","protected":false},"excerpt":{"rendered":"<p class=\"pdshow-r-text\" style=\"text-align: start;\">1. f\u00fcr Kinder im Alter von 5-9 Jahren<br \/>\n2. herausnehmbare Batterie-10 Sekunden k\u00f6nnen Sie Ihre Batterie zu \u00e4ndern.<br \/>\n3. Verstellbarer Sitz f\u00fcr verschiedene Alter Kinder Gr\u00f6\u00dfe<br \/>\n4.air tire-14inch Luftreifen, mehr komfortable Fahrt Gef\u00fchle.<br \/>\n5. lange Strecken - bis zu 45-90 Minuten Fahrtzeit.<\/p>","protected":false},"featured_media":81849,"template":"","meta":{"_sitemap_exclude":false,"_sitemap_priority":"","_sitemap_frequency":""},"product_brand":[],"product_cat":[26],"product_tag":[],"class_list":{"0":"post-346","1":"product","2":"type-product","3":"status-publish","4":"has-post-thumbnail","6":"product_cat-electric-balance-bike","8":"first","9":"instock","10":"shipping-taxable","11":"product-type-simple"},"_links":{"self":[{"href":"https:\/\/www.lianmeigroup.com\/de\/wp-json\/wp\/v2\/product\/346","targetHints":{"allow":["GET"]}}],"collection":[{"href":"https:\/\/www.lianmeigroup.com\/de\/wp-json\/wp\/v2\/product"}],"about":[{"href":"https:\/\/www.lianmeigroup.com\/de\/wp-json\/wp\/v2\/types\/product"}],"wp:featuredmedia":[{"embeddable":true,"href":"https:\/\/www.lianmeigroup.com\/de\/wp-json\/wp\/v2\/media\/81849"}],"wp:attachment":[{"href":"https:\/\/www.lianmeigroup.com\/de\/wp-json\/wp\/v2\/media?parent=346"}],"wp:term":[{"taxonomy":"product_brand","embeddable":true,"href":"https:\/\/www.lianmeigroup.com\/de\/wp-json\/wp\/v2\/product_brand?post=346"},{"taxonomy":"product_cat","embeddable":true,"href":"https:\/\/www.lianmeigroup.com\/de\/wp-json\/wp\/v2\/product_cat?post=346"},{"taxonomy":"product_tag","embeddable":true,"href":"https:\/\/www.lianmeigroup.com\/de\/wp-json\/wp\/v2\/product_tag?post=346"}],"curies":[{"name":"wp","href":"https:\/\/api.w.org\/{rel}","templated":true}]}}