{"id":332,"date":"2023-05-30T06:53:05","date_gmt":"2023-05-30T06:53:05","guid":{"rendered":"http:\/\/lianmeigroup.com\/product\/import-placeholder-for-80405.html"},"modified":"2025-09-01T07:32:28","modified_gmt":"2025-09-01T07:32:28","slug":"lmtdr-03l","status":"publish","type":"product","link":"https:\/\/www.lianmeigroup.com\/de\/product\/lmtdr-03l","title":{"rendered":"LMTDR-03L 20 Zoll faltbares Fahrrad"},"content":{"rendered":"","protected":false},"excerpt":{"rendered":"<p class=\"pdshow-r-text\">Es ist mit einem 250W b\u00fcrstenlosen Motor, Es ist faltbar ebike. Dann k\u00f6nnen Sie in Ihr Auto setzen. Leicht zu tragen und zu bewegen. Batteriekapazit\u00e4t kann in 36V 13Ah ge\u00e4ndert werden, wenn Sie ben\u00f6tigen. Motor kann auch 48V sein, wenn Sie ben\u00f6tigen.<\/p>","protected":false},"featured_media":401,"template":"","meta":{"_sitemap_exclude":false,"_sitemap_priority":"","_sitemap_frequency":""},"product_brand":[],"product_cat":[35],"product_tag":[],"class_list":{"0":"post-332","1":"product","2":"type-product","3":"status-publish","4":"has-post-thumbnail","6":"product_cat-mini-e-bike","8":"first","9":"instock","10":"shipping-taxable","11":"product-type-simple"},"_links":{"self":[{"href":"https:\/\/www.lianmeigroup.com\/de\/wp-json\/wp\/v2\/product\/332","targetHints":{"allow":["GET"]}}],"collection":[{"href":"https:\/\/www.lianmeigroup.com\/de\/wp-json\/wp\/v2\/product"}],"about":[{"href":"https:\/\/www.lianmeigroup.com\/de\/wp-json\/wp\/v2\/types\/product"}],"wp:featuredmedia":[{"embeddable":true,"href":"https:\/\/www.lianmeigroup.com\/de\/wp-json\/wp\/v2\/media\/401"}],"wp:attachment":[{"href":"https:\/\/www.lianmeigroup.com\/de\/wp-json\/wp\/v2\/media?parent=332"}],"wp:term":[{"taxonomy":"product_brand","embeddable":true,"href":"https:\/\/www.lianmeigroup.com\/de\/wp-json\/wp\/v2\/product_brand?post=332"},{"taxonomy":"product_cat","embeddable":true,"href":"https:\/\/www.lianmeigroup.com\/de\/wp-json\/wp\/v2\/product_cat?post=332"},{"taxonomy":"product_tag","embeddable":true,"href":"https:\/\/www.lianmeigroup.com\/de\/wp-json\/wp\/v2\/product_tag?post=332"}],"curies":[{"name":"wp","href":"https:\/\/api.w.org\/{rel}","templated":true}]}}