{"id":154,"date":"2023-05-30T06:52:54","date_gmt":"2023-05-30T06:52:54","guid":{"rendered":"http:\/\/lianmeigroup.com\/product\/import-placeholder-for-80306.html"},"modified":"2025-09-01T07:34:43","modified_gmt":"2025-09-01T07:34:43","slug":"lmtdf-48l","status":"publish","type":"product","link":"https:\/\/www.lianmeigroup.com\/de\/product\/lmtdf-48l","title":{"rendered":"LMTDF-48L 36V 7-Gang verstellbares Fahrrad"},"content":{"rendered":"","protected":false},"excerpt":{"rendered":"<p class=\"pdshow-r-text\" style=\"text-align: start;\">Integrierte 36V, 10Ah Li-Ion-Batterie - Batterie mit gro\u00dfer Kapazit\u00e4t f\u00fcr mehr Reichweite. Ein versteckter Akku ist in das Unterrohr des Rahmens eingebaut und bietet Wasserdichtigkeit und die M\u00f6glichkeit, den Akku bei Bedarf zu entfernen.<\/p>","protected":false},"featured_media":302,"template":"","meta":{"_sitemap_exclude":false,"_sitemap_priority":"","_sitemap_frequency":""},"product_brand":[],"product_cat":[38],"product_tag":[],"class_list":{"0":"post-154","1":"product","2":"type-product","3":"status-publish","4":"has-post-thumbnail","6":"product_cat-city-e-bike","8":"first","9":"instock","10":"shipping-taxable","11":"product-type-simple"},"_links":{"self":[{"href":"https:\/\/www.lianmeigroup.com\/de\/wp-json\/wp\/v2\/product\/154","targetHints":{"allow":["GET"]}}],"collection":[{"href":"https:\/\/www.lianmeigroup.com\/de\/wp-json\/wp\/v2\/product"}],"about":[{"href":"https:\/\/www.lianmeigroup.com\/de\/wp-json\/wp\/v2\/types\/product"}],"wp:featuredmedia":[{"embeddable":true,"href":"https:\/\/www.lianmeigroup.com\/de\/wp-json\/wp\/v2\/media\/302"}],"wp:attachment":[{"href":"https:\/\/www.lianmeigroup.com\/de\/wp-json\/wp\/v2\/media?parent=154"}],"wp:term":[{"taxonomy":"product_brand","embeddable":true,"href":"https:\/\/www.lianmeigroup.com\/de\/wp-json\/wp\/v2\/product_brand?post=154"},{"taxonomy":"product_cat","embeddable":true,"href":"https:\/\/www.lianmeigroup.com\/de\/wp-json\/wp\/v2\/product_cat?post=154"},{"taxonomy":"product_tag","embeddable":true,"href":"https:\/\/www.lianmeigroup.com\/de\/wp-json\/wp\/v2\/product_tag?post=154"}],"curies":[{"name":"wp","href":"https:\/\/api.w.org\/{rel}","templated":true}]}}