{"id":151,"date":"2023-05-30T06:52:54","date_gmt":"2023-05-30T06:52:54","guid":{"rendered":"http:\/\/lianmeigroup.com\/product\/import-placeholder-for-80283.html"},"modified":"2025-09-01T07:34:26","modified_gmt":"2025-09-01T07:34:26","slug":"lmtdf-46l","status":"publish","type":"product","link":"https:\/\/www.lianmeigroup.com\/de\/product\/lmtdf-46l","title":{"rendered":"LMTDF-46L 20 Zoll Mode Fat Tyre E-Bike"},"content":{"rendered":"","protected":false},"excerpt":{"rendered":"<p>1. 500W hube Motor, hohe Geschwindigkeit b\u00fcrstenlosen Getriebemotor, lange Lebensdauer und hohe Leistung.<\/p>\n<p>2. 48V10AH Herausnehmbare Batterie<\/p>\n<p>3. Ausgestattet mit LED-Frontlicht, Doppelscheibenbremssystem f\u00fcr sicheres Bremsen<\/p>\n<p>4. Sie k\u00f6nnen zwischen reinem Elektromodus, Tretunterst\u00fctzungsmodus und menschlichem Fahrmodus w\u00e4hlen.<\/p>\n<p>5. Ultrastarker Rahmen aus Aluminiumlegierung in Flugzeugqualit\u00e4t.<\/p>","protected":false},"featured_media":286,"template":"","meta":{"_sitemap_exclude":false,"_sitemap_priority":"","_sitemap_frequency":""},"product_brand":[],"product_cat":[37],"product_tag":[],"class_list":{"0":"post-151","1":"product","2":"type-product","3":"status-publish","4":"has-post-thumbnail","6":"product_cat-fat-e-bike","8":"first","9":"instock","10":"shipping-taxable","11":"product-type-simple"},"_links":{"self":[{"href":"https:\/\/www.lianmeigroup.com\/de\/wp-json\/wp\/v2\/product\/151","targetHints":{"allow":["GET"]}}],"collection":[{"href":"https:\/\/www.lianmeigroup.com\/de\/wp-json\/wp\/v2\/product"}],"about":[{"href":"https:\/\/www.lianmeigroup.com\/de\/wp-json\/wp\/v2\/types\/product"}],"wp:featuredmedia":[{"embeddable":true,"href":"https:\/\/www.lianmeigroup.com\/de\/wp-json\/wp\/v2\/media\/286"}],"wp:attachment":[{"href":"https:\/\/www.lianmeigroup.com\/de\/wp-json\/wp\/v2\/media?parent=151"}],"wp:term":[{"taxonomy":"product_brand","embeddable":true,"href":"https:\/\/www.lianmeigroup.com\/de\/wp-json\/wp\/v2\/product_brand?post=151"},{"taxonomy":"product_cat","embeddable":true,"href":"https:\/\/www.lianmeigroup.com\/de\/wp-json\/wp\/v2\/product_cat?post=151"},{"taxonomy":"product_tag","embeddable":true,"href":"https:\/\/www.lianmeigroup.com\/de\/wp-json\/wp\/v2\/product_tag?post=151"}],"curies":[{"name":"wp","href":"https:\/\/api.w.org\/{rel}","templated":true}]}}