{"id":140,"date":"2023-05-30T06:52:54","date_gmt":"2023-05-30T06:52:54","guid":{"rendered":"http:\/\/lianmeigroup.com\/product\/import-placeholder-for-80193.html"},"modified":"2025-09-01T07:33:37","modified_gmt":"2025-09-01T07:33:37","slug":"lmtdf-27l","status":"publish","type":"product","link":"https:\/\/www.lianmeigroup.com\/de\/product\/lmtdf-27l","title":{"rendered":"LMTDF-27L 26 Zoll breite Reifen Fahrrad"},"content":{"rendered":"","protected":false},"excerpt":{"rendered":"<p>1. mit diesem Mountainbike mit Stahlrahmen und \u00fcberdimensionalen, gel\u00e4ndeg\u00e4ngigen 26-Zoll-R\u00e4dern bezwingen Sie jeden Offroad-Trail mit Leichtigkeit.<\/p>\n<p>2. der gewindelose Sitz ist f\u00fcr Fahrer unterschiedlicher K\u00f6rpergr\u00f6\u00dfe einstellbar. die stabilen, leichten Leichtmetallfelgen halten das Gewicht niedrig.<\/p>\n<p>3. bequemes Fahren mit Beach-Cruiser-Pedalen und Sicherheit durch Scheibenbremsen vorne und hinten.<\/p>\n<p>4. das Schaltwerk mit sieben G\u00e4ngen erleichtert das Erklimmen von H\u00fcgeln, w\u00e4hrend die Drehschaltungen f\u00fcr einen reibungslosen Ablauf sorgen<\/p>","protected":false},"featured_media":223,"template":"","meta":{"_sitemap_exclude":false,"_sitemap_priority":"","_sitemap_frequency":""},"product_brand":[],"product_cat":[37],"product_tag":[],"class_list":{"0":"post-140","1":"product","2":"type-product","3":"status-publish","4":"has-post-thumbnail","6":"product_cat-fat-e-bike","8":"first","9":"instock","10":"shipping-taxable","11":"product-type-simple"},"_links":{"self":[{"href":"https:\/\/www.lianmeigroup.com\/de\/wp-json\/wp\/v2\/product\/140","targetHints":{"allow":["GET"]}}],"collection":[{"href":"https:\/\/www.lianmeigroup.com\/de\/wp-json\/wp\/v2\/product"}],"about":[{"href":"https:\/\/www.lianmeigroup.com\/de\/wp-json\/wp\/v2\/types\/product"}],"wp:featuredmedia":[{"embeddable":true,"href":"https:\/\/www.lianmeigroup.com\/de\/wp-json\/wp\/v2\/media\/223"}],"wp:attachment":[{"href":"https:\/\/www.lianmeigroup.com\/de\/wp-json\/wp\/v2\/media?parent=140"}],"wp:term":[{"taxonomy":"product_brand","embeddable":true,"href":"https:\/\/www.lianmeigroup.com\/de\/wp-json\/wp\/v2\/product_brand?post=140"},{"taxonomy":"product_cat","embeddable":true,"href":"https:\/\/www.lianmeigroup.com\/de\/wp-json\/wp\/v2\/product_cat?post=140"},{"taxonomy":"product_tag","embeddable":true,"href":"https:\/\/www.lianmeigroup.com\/de\/wp-json\/wp\/v2\/product_tag?post=140"}],"curies":[{"name":"wp","href":"https:\/\/api.w.org\/{rel}","templated":true}]}}